{"id":5418,"date":"2022-03-01T15:19:38","date_gmt":"2022-03-01T15:19:38","guid":{"rendered":"https:\/\/www.indexcaution.ch\/smartcaution-assurance-caution-avis-et-notes\/"},"modified":"2024-09-06T14:10:10","modified_gmt":"2024-09-06T14:10:10","slug":"smartcaution-companhia-de-seguros-suica","status":"publish","type":"page","link":"https:\/\/www.indexcaution.ch\/pt\/smartcaution-companhia-de-seguros-suica\/","title":{"rendered":"Smartcaution Assurance Caution &#8211; Avis et notes"},"content":{"rendered":"<p>[vc_row css=&#8221;.vc_custom_1500276215478{margin-top: -50px !important;margin-bottom: 20px !important;border-bottom-width: 5px !important;}&#8221;][vc_column css=&#8221;.vc_custom_1499434215141{border-top-width: 1px !important;border-right-width: 1px !important;border-bottom-width: 1px !important;border-left-width: 1px !important;padding-top: 15px !important;padding-right: 15px !important;padding-bottom: 15px !important;padding-left: 15px !important;border-left-color: #dee7f2 !important;border-left-style: solid !important;border-right-color: #dee7f2 !important;border-right-style: solid !important;border-top-color: #dee7f2 !important;border-top-style: solid !important;border-bottom-color: #dee7f2 !important;border-bottom-style: solid !important;}&#8221; el_class=&#8221;company-header-background&#8221;][vc_row_inner css=&#8221;.vc_custom_1500558440628{padding-right: 15px !important;}&#8221;][vc_column_inner el_class=&#8221;company-logo&#8221; width=&#8221;1\/6&#8243; css=&#8221;.vc_custom_1500554349440{margin-bottom: -35px !important;}&#8221; offset=&#8221;vc_col-lg-2 vc_hidden-md vc_hidden-xs&#8221;][vc_single_image image=&#8221;5163&#8243;][\/vc_column_inner][vc_column_inner width=&#8221;1\/4&#8243; offset=&#8221;vc_col-lg-3 vc_col-md-3 vc_col-xs-3&#8243;]\t\n\t<h2 style=\"text-align: left;\" > Avis Smartcaution<\/h2>\t\n<div class=\"company-general-average\">\n    <h1>\n        0.80    <\/h1>\n    <input class=\"star-rating-property-header rating-loading\" value=\" 0.8\">\n<\/div>\n\n<script type=\"application\/ld+json\">\n    { \n    \"@context\": \"http:\/\/schema.org\",\n    \"@type\": \"Product\",\n    \"name\": \"Garantie de loyer - Smartcaution Assurance Caution &#8211; Avis et notes\",\n    \"aggregateRating\":\n    {\n    \"@type\": \"AggregateRating\",\n    \"ratingValue\": \"0.8\",\n    \"reviewCount\": \"1\",\n    \"worstRating\": \"1\",\n    \"bestRating\": \"5\",\n    \"itemReviewed\": \"Garantie de loyer - Smartcaution Assurance Caution &#8211; Avis et notes\"\n    }\n    }\n<\/script>[\/vc_column_inner][vc_column_inner width=&#8221;7\/12&#8243; offset=&#8221;vc_col-lg-7 vc_col-md-10 vc_col-sm-offset-0 vc_col-xs-10&#8243; css=&#8221;.vc_custom_1646148143169{margin-right: 20px !important;}&#8221;]<div class=\"row content-heart-rating\" style=\"float:right;\">\n    <a id=\"vote-action-5139\" data-company=\"5139\" class=\"vote-action \">\n        <i class=\"fa heart-rate\" aria-hidden=\"true\" id=\"vote-5139\"><\/i>\n        <span class=\"heart-rate-value heart-rate-value-5139\">9<\/span>\n    <\/a>    \n\n    <input autocomplete=\"off\" type=\"hidden\" name=\"votes\" id=\"votes-5139\" value=\"9\">\n    <input autocomplete=\"off\" type=\"hidden\" name=\"voted\" id=\"voted-5139\" value=\"0\">\n    <input autocomplete=\"off\" type=\"hidden\" name=\"page_id\" id=\"page_id-5139\" value=\"5139\">\n<\/div>\n[vc_empty_space height=&#8221;75px&#8221;]<div class=\"row header-rating\">\n                    <div class=\"col-lg-2 col-md-2 col-sm-6 col-xs-6 col-lg-offset-4 col-md-offset-4\">\n                <span class=\"property-value\">Pre\u00e7o<\/span><br>\n                <span class=\"property\">\n                    <div class=\"progress\">\n                        <div class=\"progress-bar\" role=\"progressbar\" aria-valuenow=\"1\" aria-valuemin=\"0\" aria-valuemax=\"100\" style=\"width:20%\">                        <\/div>\n                    <\/div>\n                <\/span>\n            <\/div>\n        \n                        <div class=\"col-lg-2 col-md-2 col-sm-6 col-xs-6\">\n                <span class=\"property-value\">Servi\u00e7o de apoio ao cliente<\/span><br>\n                <span class=\"property\">\n                    <div class=\"progress\">\n                        <div class=\"progress-bar\" role=\"progressbar\" aria-valuenow=\"0.5\" aria-valuemin=\"0\" aria-valuemax=\"100\" style=\"width:10%\">                        <\/div>\n                    <\/div>\n                <\/span>\n            <\/div>\n        \n                        <div class=\"col-lg-2 col-md-2 col-sm-6 col-xs-6\">\n                <span class=\"property-value\">Capacidade de resposta<\/span><br>\n                <span class=\"property\">\n                    <div class=\"progress\">\n                        <div class=\"progress-bar\" role=\"progressbar\" aria-valuenow=\"1\" aria-valuemin=\"0\" aria-valuemax=\"100\" style=\"width:20%\">                        <\/div>\n                    <\/div>\n                <\/span>\n            <\/div>\n        \n                        <div class=\"col-lg-2 col-md-2 col-sm-6 col-xs-6\">\n                <span class=\"property-value\">Image<\/span><br>\n                <span class=\"property\">\n                    <div class=\"progress\">\n                        <div class=\"progress-bar\" role=\"progressbar\" aria-valuenow=\"0.5\" aria-valuemin=\"0\" aria-valuemax=\"100\" style=\"width:10%\">                        <\/div>\n                    <\/div>\n                <\/span>\n            <\/div>\n        \n            <\/div>[\/vc_column_inner][\/vc_row_inner][\/vc_column][\/vc_row][vc_row][vc_column width=&#8221;2\/3&#8243; el_class=&#8221;add-gap-one&#8221; css=&#8221;.vc_custom_1500284354356{margin-bottom: 20px !important;}&#8221;][vc_row_inner css=&#8221;.vc_custom_1500621744605{margin-bottom: 20px !important;}&#8221;][vc_column_inner css=&#8221;.vc_custom_1500024874291{border-top-width: 1px !important;border-right-width: 1px !important;border-bottom-width: 1px !important;border-left-width: 1px !important;padding-right: 30px !important;padding-bottom: 20px !important;padding-left: 30px !important;background-color: #ffffff !important;border-left-color: #dee7f2 !important;border-left-style: solid !important;border-right-color: #dee7f2 !important;border-right-style: solid !important;border-top-color: #dee7f2 !important;border-top-style: solid !important;border-bottom-color: #dee7f2 !important;border-bottom-style: solid !important;}&#8221;]\t\n\t<h1 style=\"text-align: left;\" > Smartcaution ASSURANCE CAUTION<\/h1>\t\n[vc_separator][vc_column_text]Depuis sa cr\u00e9ation en 2007, SmartCaution SA a accompagn\u00e9 des dizaines de milliers de locataires et de soci\u00e9t\u00e9s dans leur projet immobilier en leur donnant acc\u00e8s \u00e0 une garantie de loyer sans d\u00e9p\u00f4t bancaire de qualit\u00e9 et \u00e0 des tarifs parmi les plus bas du march\u00e9.<\/p>\n<p>Aujourd\u2019hui de tr\u00e8s nombreuses agences immobili\u00e8res et bailleurs, r\u00e9parties dans toute la Suisse, font confiance et acceptent les garanties de loyer SmartCaution SA non seulement pour leur prix bas mais \u00e9galement pour le service professionnel fourni aux locataires comme \u00e0 eux-m\u00eames.<\/p>\n<p>La garantie de loyer distribu\u00e9e est fond\u00e9e sur un contrat de coop\u00e9ration entre SmartCaution SA, interm\u00e9diaire li\u00e9 \u00e0 une entreprise d\u2019assurance, et Generali SA, assurance agr\u00e9\u00e9e par la FINMA (l\u2019autorit\u00e9 de surveillance du march\u00e9 financier suisse).<\/p>\n<p>Sources : Site internet Smartcaution<\/p>\n<p>Comparez l&#8217;assurance caution Smartcaution[\/vc_column_text][\/vc_column_inner][\/vc_row_inner][vc_row_inner][vc_column_inner css=&#8221;.vc_custom_1500024874291{border-top-width: 1px !important;border-right-width: 1px !important;border-bottom-width: 1px !important;border-left-width: 1px !important;padding-right: 30px !important;padding-bottom: 20px !important;padding-left: 30px !important;background-color: #ffffff !important;border-left-color: #dee7f2 !important;border-left-style: solid !important;border-right-color: #dee7f2 !important;border-right-style: solid !important;border-top-color: #dee7f2 !important;border-top-style: solid !important;border-bottom-color: #dee7f2 !important;border-bottom-style: solid !important;}&#8221;]\t\n\t<h2 style=\"text-align: left;\" > Les avis des clients<br \/>\nAvis Smartcaution Assurance Caution - Avis Caution de loyer Smartcaution<\/h2>\t\n[vc_separator][\/vc_column_inner][\/vc_row_inner][\/vc_column][vc_column width=&#8221;1\/3&#8243; el_class=&#8221;add-gap-two&#8221;][vc_row_inner css=&#8221;.vc_custom_1500027601540{margin-bottom: 20px !important;}&#8221;][vc_column_inner css=&#8221;.vc_custom_1500275705717{border-top-width: 1px !important;border-right-width: 1px !important;border-bottom-width: 1px !important;border-left-width: 1px !important;padding-right: 30px !important;padding-bottom: 20px !important;padding-left: 30px !important;background-color: #ffffff !important;border-left-color: #dee7f2 !important;border-left-style: solid !important;border-right-color: #dee7f2 !important;border-right-style: solid !important;border-top-color: #dee7f2 !important;border-top-style: solid !important;border-bottom-color: #dee7f2 !important;border-bottom-style: solid !important;}&#8221;]\t\n\t<h3 style=\"text-align: left;\" > Contact<br \/>\nSmartcaution Assurance Caution<\/h3>\t\n[vc_separator css=&#8221;.vc_custom_1503301606438{margin-bottom: 15px !important;}&#8221;][vc_raw_html]JTNDZGl2JTIwY2xhc3MlM0QlMjJjb2wteHMtMiUyMiUzRSUzQ2klMjBjbGFzcyUzRCUyMmZhJTIwZmEtZ2xvYmUlMjIlMjBhcmlhLWhpZGRlbiUzRCUyMnRydWUlMjIlMjBzdHlsZSUzRCUyMmNvbG9yJTNBJTIzY2JkNGRlJTNCJTIwZm9udC1zaXplJTNBeC1sYXJnZSUyMiUzRSUzQyUyRmklM0UlM0MlMkZkaXYlM0UlMEElM0NkaXYlMjBjbGFzcyUzRCUyMmNvbC14cy0xMCUyMiUzRSUzQ2ElMjB0YXJnZXQlM0QlMjJfYmxhbmslMjIlMjBocmVmJTNEJTIyaHR0cHMlM0ElMkYlMkZzbWFydGNhdXRpb24uY2glMkYlMjIlM0UlM0NzcGFuJTIwc3R5bGUlM0QlMjJmb250LXNpemUlM0FsYXJnZSUyMiUzRXd3dy5zbWFydGNhdXRpb24uY2glM0MlMkZzcGFuJTNFJTNDJTJGYSUzRSUzQyUyRmRpdiUzRQ==[\/vc_raw_html][\/vc_column_inner][\/vc_row_inner][vc_row_inner css=&#8221;.vc_custom_1500027625321{margin-bottom: 20px !important;}&#8221;][vc_column_inner el_class=&#8221;company-map&#8221; css=&#8221;.vc_custom_1500275721493{border-top-width: 1px !important;border-right-width: 1px !important;border-bottom-width: 1px !important;border-left-width: 1px !important;padding-right: 30px !important;padding-bottom: 10px !important;padding-left: 30px !important;background-color: #ffffff !important;border-left-color: #dee7f2 !important;border-left-style: solid !important;border-right-color: #dee7f2 !important;border-right-style: solid !important;border-top-color: #dee7f2 !important;border-top-style: solid !important;border-bottom-color: #dee7f2 !important;border-bottom-style: solid !important;}&#8221;]    <div class=\"map\" id=\"googleMap\"><\/div>\n    <script type=\"text\/javascript\">\n     \n    (function($) { \"use strict\";\n    \n    \/\/set your google maps parameters\n\n    $(document).ready(function(){\n        var myLatLng = {\n            lat: 46.1911152,\n            lng: 6.1335998        };\n\n        var map = new google.maps.Map(document.getElementById('googleMap'), {\n            zoom: 12,\n            center: myLatLng,\n            scrollwheel: false,\n\n        });\n        var image = '';\n        var marker = new google.maps.Marker({\n            position: myLatLng,\n            map: map,\n            icon: image,\n            title: 'Hello World!'\n\n        }); \n    });\n\n})(jQuery); \n    <\/script>\n\n    \t\n\t<h4 class= \"company-address\" style=\"text-align: left;color: #778191;margin-top: 10px;\" > Rte des Acacias 24, 1227 Carouge<\/h4>\t\n[\/vc_column_inner][\/vc_row_inner][\/vc_column][\/vc_row]<\/p>\n","protected":false},"excerpt":{"rendered":"<p>Nos collaborateurs ont une grande marge de man\u0153uvre pour agir de mani\u00e8re responsable. Ils peuvent apporter leurs id\u00e9es et s\u2019\u00e9panouir &#8230;<\/p>\n","protected":false},"author":1,"featured_media":5167,"parent":0,"menu_order":0,"comment_status":"open","ping_status":"closed","template":"page-templates\/template-fullwidth.php","meta":{"footnotes":""},"class_list":["post-5418","page","type-page","status-publish","has-post-thumbnail","hentry"],"yoast_head":"<!-- This site is optimized with the Yoast SEO Premium plugin v15.6.2 - https:\/\/yoast.com\/wordpress\/plugins\/seo\/ -->\n<title>Smartcaution Assurance Caution - Avis et notes - Comparateur<\/title>\n<meta name=\"robots\" content=\"index, follow, max-snippet:-1, max-image-preview:large, max-video-preview:-1\" \/>\n<link rel=\"canonical\" href=\"https:\/\/www.indexcaution.ch\/pt\/smartcaution-companhia-de-seguros-suica\/\" \/>\n<meta property=\"og:locale\" content=\"pt_PT\" \/>\n<meta property=\"og:type\" content=\"article\" \/>\n<meta property=\"og:title\" content=\"Smartcaution Assurance Caution - Avis et notes - Comparateur\" \/>\n<meta property=\"og:description\" content=\"Nos collaborateurs ont une grande marge de man\u0153uvre pour agir de mani\u00e8re responsable. Ils peuvent apporter leurs id\u00e9es et s\u2019\u00e9panouir ...\" \/>\n<meta property=\"og:url\" content=\"https:\/\/www.indexcaution.ch\/pt\/smartcaution-companhia-de-seguros-suica\/\" \/>\n<meta property=\"og:site_name\" content=\"Comparateur\" \/>\n<meta property=\"article:publisher\" content=\"https:\/\/www.facebook.com\/indexcaution\/\" \/>\n<meta property=\"article:modified_time\" content=\"2024-09-06T14:10:10+00:00\" \/>\n<meta property=\"og:image\" content=\"https:\/\/www.indexcaution.ch\/wp-content\/uploads\/2022\/03\/smartcaution-logo-1.png\" \/>\n\t<meta property=\"og:image:width\" content=\"300\" \/>\n\t<meta property=\"og:image:height\" content=\"300\" \/>\n<meta name=\"twitter:card\" content=\"summary\" \/>\n<meta name=\"twitter:site\" content=\"@Index_Caution\" \/>\n<meta name=\"twitter:label1\" content=\"Est. reading time\">\n\t<meta name=\"twitter:data1\" content=\"2 minutes\">\n<script type=\"application\/ld+json\" class=\"yoast-schema-graph\">{\"@context\":\"https:\/\/schema.org\",\"@graph\":[{\"@type\":\"Organization\",\"@id\":\"https:\/\/www.indexcaution.ch\/#organization\",\"name\":\"Index Caution - Comparateur Caution de Loyer\",\"url\":\"https:\/\/www.indexcaution.ch\/\",\"sameAs\":[\"https:\/\/www.facebook.com\/indexcaution\/\",\"https:\/\/www.instagram.com\/indexcaution\/\",\"https:\/\/www.linkedin.com\/company\/index-caution\/\",\"https:\/\/twitter.com\/Index_Caution\"],\"logo\":{\"@type\":\"ImageObject\",\"@id\":\"https:\/\/www.indexcaution.ch\/#logo\",\"inLanguage\":\"pt-CH\",\"url\":\"https:\/\/www.indexcaution.ch\/wp-content\/uploads\/2019\/03\/Index-Caution-Logo.png\",\"width\":794,\"height\":353,\"caption\":\"Index Caution - Comparateur Caution de Loyer\"},\"image\":{\"@id\":\"https:\/\/www.indexcaution.ch\/#logo\"}},{\"@type\":\"WebSite\",\"@id\":\"https:\/\/www.indexcaution.ch\/#website\",\"url\":\"https:\/\/www.indexcaution.ch\/\",\"name\":\"Index Caution - Comparateur de garantie de loyer\",\"description\":\"Just another WordPress site\",\"publisher\":{\"@id\":\"https:\/\/www.indexcaution.ch\/#organization\"},\"potentialAction\":[{\"@type\":\"SearchAction\",\"target\":\"https:\/\/www.indexcaution.ch\/?s={search_term_string}\",\"query-input\":\"required name=search_term_string\"}],\"inLanguage\":\"pt-CH\"},{\"@type\":\"ImageObject\",\"@id\":\"https:\/\/www.indexcaution.ch\/pt\/smartcaution-companhia-de-seguros-suica\/#primaryimage\",\"inLanguage\":\"pt-CH\",\"url\":\"https:\/\/www.indexcaution.ch\/wp-content\/uploads\/2022\/03\/smartcaution-logo-1.png\",\"width\":300,\"height\":300},{\"@type\":\"WebPage\",\"@id\":\"https:\/\/www.indexcaution.ch\/pt\/smartcaution-companhia-de-seguros-suica\/#webpage\",\"url\":\"https:\/\/www.indexcaution.ch\/pt\/smartcaution-companhia-de-seguros-suica\/\",\"name\":\"Smartcaution Assurance Caution - Avis et notes - Comparateur\",\"isPartOf\":{\"@id\":\"https:\/\/www.indexcaution.ch\/#website\"},\"primaryImageOfPage\":{\"@id\":\"https:\/\/www.indexcaution.ch\/pt\/smartcaution-companhia-de-seguros-suica\/#primaryimage\"},\"datePublished\":\"2022-03-01T15:19:38+00:00\",\"dateModified\":\"2024-09-06T14:10:10+00:00\",\"inLanguage\":\"pt-CH\",\"potentialAction\":[{\"@type\":\"ReadAction\",\"target\":[\"https:\/\/www.indexcaution.ch\/pt\/smartcaution-companhia-de-seguros-suica\/\"]}]}]}<\/script>\n<!-- \/ Yoast SEO Premium plugin. -->","_links":{"self":[{"href":"https:\/\/www.indexcaution.ch\/pt\/wp-json\/wp\/v2\/pages\/5418","targetHints":{"allow":["GET"]}}],"collection":[{"href":"https:\/\/www.indexcaution.ch\/pt\/wp-json\/wp\/v2\/pages"}],"about":[{"href":"https:\/\/www.indexcaution.ch\/pt\/wp-json\/wp\/v2\/types\/page"}],"author":[{"embeddable":true,"href":"https:\/\/www.indexcaution.ch\/pt\/wp-json\/wp\/v2\/users\/1"}],"replies":[{"embeddable":true,"href":"https:\/\/www.indexcaution.ch\/pt\/wp-json\/wp\/v2\/comments?post=5418"}],"version-history":[{"count":1,"href":"https:\/\/www.indexcaution.ch\/pt\/wp-json\/wp\/v2\/pages\/5418\/revisions"}],"predecessor-version":[{"id":5427,"href":"https:\/\/www.indexcaution.ch\/pt\/wp-json\/wp\/v2\/pages\/5418\/revisions\/5427"}],"wp:featuredmedia":[{"embeddable":true,"href":"https:\/\/www.indexcaution.ch\/pt\/wp-json\/wp\/v2\/media\/5167"}],"wp:attachment":[{"href":"https:\/\/www.indexcaution.ch\/pt\/wp-json\/wp\/v2\/media?parent=5418"}],"curies":[{"name":"wp","href":"https:\/\/api.w.org\/{rel}","templated":true}]}}