{"id":5414,"date":"2022-03-01T13:44:25","date_gmt":"2022-03-01T13:44:25","guid":{"rendered":"https:\/\/www.indexcaution.ch\/gocaution-assurance-caution-avis-et-notes\/"},"modified":"2024-09-06T14:10:03","modified_gmt":"2024-09-06T14:10:03","slug":"gocaution-companhia-de-seguros-suica","status":"publish","type":"page","link":"https:\/\/www.indexcaution.ch\/pt\/gocaution-companhia-de-seguros-suica\/","title":{"rendered":"goCaution Assurance Caution &#8211; Avis et notes"},"content":{"rendered":"<p>[vc_row css=&#8221;.vc_custom_1500276215478{margin-top: -50px !important;margin-bottom: 20px !important;border-bottom-width: 5px !important;}&#8221;][vc_column css=&#8221;.vc_custom_1499434215141{border-top-width: 1px !important;border-right-width: 1px !important;border-bottom-width: 1px !important;border-left-width: 1px !important;padding-top: 15px !important;padding-right: 15px !important;padding-bottom: 15px !important;padding-left: 15px !important;border-left-color: #dee7f2 !important;border-left-style: solid !important;border-right-color: #dee7f2 !important;border-right-style: solid !important;border-top-color: #dee7f2 !important;border-top-style: solid !important;border-bottom-color: #dee7f2 !important;border-bottom-style: solid !important;}&#8221; el_class=&#8221;company-header-background&#8221;][vc_row_inner css=&#8221;.vc_custom_1500558440628{padding-right: 15px !important;}&#8221;][vc_column_inner el_class=&#8221;company-logo&#8221; width=&#8221;1\/6&#8243; css=&#8221;.vc_custom_1500554349440{margin-bottom: -35px !important;}&#8221; offset=&#8221;vc_col-lg-2 vc_hidden-md vc_hidden-xs&#8221;][vc_single_image image=&#8221;5169&#8243;][\/vc_column_inner][vc_column_inner width=&#8221;1\/6&#8243; offset=&#8221;vc_col-lg-2 vc_col-md-2 vc_col-xs-2&#8243;]\t\n\t<h2 style=\"text-align: left;\" > Avis goCaution<\/h2>\t\n<div class=\"company-general-average\">\n    <h1>\n        1.00    <\/h1>\n    <input class=\"star-rating-property-header rating-loading\" value=\" 1\">\n<\/div>\n\n<script type=\"application\/ld+json\">\n    { \n    \"@context\": \"http:\/\/schema.org\",\n    \"@type\": \"Product\",\n    \"name\": \"Garantie de loyer - goCaution Assurance Caution &#8211; Avis et notes\",\n    \"aggregateRating\":\n    {\n    \"@type\": \"AggregateRating\",\n    \"ratingValue\": \"1\",\n    \"reviewCount\": \"1\",\n    \"worstRating\": \"1\",\n    \"bestRating\": \"5\",\n    \"itemReviewed\": \"Garantie de loyer - goCaution Assurance Caution &#8211; Avis et notes\"\n    }\n    }\n<\/script>[\/vc_column_inner][vc_column_inner width=&#8221;2\/3&#8243; offset=&#8221;vc_col-lg-8 vc_col-md-10 vc_col-sm-offset-0 vc_col-xs-10&#8243; css=&#8221;.vc_custom_1500553526214{margin-right: 20px !important;}&#8221;]<div class=\"row content-heart-rating\" style=\"float:right;\">\n    <a id=\"vote-action-5131\" data-company=\"5131\" class=\"vote-action \">\n        <i class=\"fa heart-rate\" aria-hidden=\"true\" id=\"vote-5131\"><\/i>\n        <span class=\"heart-rate-value heart-rate-value-5131\">8<\/span>\n    <\/a>    \n\n    <input autocomplete=\"off\" type=\"hidden\" name=\"votes\" id=\"votes-5131\" value=\"8\">\n    <input autocomplete=\"off\" type=\"hidden\" name=\"voted\" id=\"voted-5131\" value=\"0\">\n    <input autocomplete=\"off\" type=\"hidden\" name=\"page_id\" id=\"page_id-5131\" value=\"5131\">\n<\/div>\n[vc_empty_space height=&#8221;75px&#8221;]<div class=\"row header-rating\">\n                    <div class=\"col-lg-2 col-md-2 col-sm-6 col-xs-6 col-lg-offset-4 col-md-offset-4\">\n                <span class=\"property-value\">Pre\u00e7o<\/span><br>\n                <span class=\"property\">\n                    <div class=\"progress\">\n                        <div class=\"progress-bar\" role=\"progressbar\" aria-valuenow=\"1\" aria-valuemin=\"0\" aria-valuemax=\"100\" style=\"width:20%\">                        <\/div>\n                    <\/div>\n                <\/span>\n            <\/div>\n        \n                        <div class=\"col-lg-2 col-md-2 col-sm-6 col-xs-6\">\n                <span class=\"property-value\">Servi\u00e7o de apoio ao cliente<\/span><br>\n                <span class=\"property\">\n                    <div class=\"progress\">\n                        <div class=\"progress-bar\" role=\"progressbar\" aria-valuenow=\"1\" aria-valuemin=\"0\" aria-valuemax=\"100\" style=\"width:20%\">                        <\/div>\n                    <\/div>\n                <\/span>\n            <\/div>\n        \n                        <div class=\"col-lg-2 col-md-2 col-sm-6 col-xs-6\">\n                <span class=\"property-value\">Capacidade de resposta<\/span><br>\n                <span class=\"property\">\n                    <div class=\"progress\">\n                        <div class=\"progress-bar\" role=\"progressbar\" aria-valuenow=\"1\" aria-valuemin=\"0\" aria-valuemax=\"100\" style=\"width:20%\">                        <\/div>\n                    <\/div>\n                <\/span>\n            <\/div>\n        \n                        <div class=\"col-lg-2 col-md-2 col-sm-6 col-xs-6\">\n                <span class=\"property-value\">Image<\/span><br>\n                <span class=\"property\">\n                    <div class=\"progress\">\n                        <div class=\"progress-bar\" role=\"progressbar\" aria-valuenow=\"1\" aria-valuemin=\"0\" aria-valuemax=\"100\" style=\"width:20%\">                        <\/div>\n                    <\/div>\n                <\/span>\n            <\/div>\n        \n            <\/div>[\/vc_column_inner][\/vc_row_inner][\/vc_column][\/vc_row][vc_row][vc_column width=&#8221;2\/3&#8243; el_class=&#8221;add-gap-one&#8221; css=&#8221;.vc_custom_1500284354356{margin-bottom: 20px !important;}&#8221;][vc_row_inner css=&#8221;.vc_custom_1500621744605{margin-bottom: 20px !important;}&#8221;][vc_column_inner css=&#8221;.vc_custom_1500024874291{border-top-width: 1px !important;border-right-width: 1px !important;border-bottom-width: 1px !important;border-left-width: 1px !important;padding-right: 30px !important;padding-bottom: 20px !important;padding-left: 30px !important;background-color: #ffffff !important;border-left-color: #dee7f2 !important;border-left-style: solid !important;border-right-color: #dee7f2 !important;border-right-style: solid !important;border-top-color: #dee7f2 !important;border-top-style: solid !important;border-bottom-color: #dee7f2 !important;border-bottom-style: solid !important;}&#8221;]\t\n\t<h1 style=\"text-align: left;\" > goCaution ASSURANCE CAUTION<\/h1>\t\n[vc_separator][vc_column_text]<strong>Louer sans d\u00e9p\u00f4t bancaire avec goCaution<\/strong><\/p>\n<p>Nous le savons, un d\u00e9m\u00e9nagement g\u00e9n\u00e8re syst\u00e9matiquement des d\u00e9penses importantes et pour de nombreux locataires, la garantie de loyer constitue le budget le plus important car il correspond souvent \u00e0 deux voire trois mois de loyer. Comme la garantie de loyer du logement pr\u00e9c\u00e9dant reste parfois bloqu\u00e9e pendant une certaine p\u00e9riode, ce montant devient d\u2019autant plus cons\u00e9quent pour les locataires. Si l&#8217;on ajoute \u00e0 cela le paiement du premier loyer du nouveau logement, la somme \u00e0 r\u00e9unir devient alors vraiment consid\u00e9rable et malheureusement, bon nombre de locataires ne parviennent pas \u00e0 franchir cet obstacle.<\/p>\n<p>goCaution est la solution \u00e0 ce probl\u00e8me : moyennant une prime annuelle abordable, nous nous portons garants vis-\u00e0-vis du bailleur et \u00e9vitons au locataire de devoir immobiliser l\u2019argent de sa garantie de loyer. Sans cette charge financi\u00e8re, les locataires peuvent acc\u00e9der plus rapidement et plus facilement \u00e0 un nouveau logement et pour le bailleur, l&#8217;ouverture et la gestion des d\u00e9p\u00f4ts bancaire n\u2019\u00e9tant plus n\u00e9cessaires, cela entra\u00eene une r\u00e9duction de sa charge administrative.<\/p>\n<p><strong>La premi\u00e8re caution de loyer qui peut \u00eatre conclue 100% en ligne<\/strong><\/p>\n<p>Derri\u00e8re goCaution se cache une \u00e9quipe qui b\u00e9n\u00e9fice d\u2019une longue exp\u00e9rience dans les secteurs de l&#8217;immobilier, de l&#8217;assurance et du cautionnement. En 2016, le besoin d&#8217;une solution de cautionnement num\u00e9rique a \u00e9t\u00e9 identifi\u00e9 et la premi\u00e8re caution de loyer 100% en ligne a pu \u00eatre lanc\u00e9e en collaboration avec la GENERALI assurance. Nous sommes aujourd\u2019hui fiers de pouvoir proposer \u00e0 nos clients la possibilit\u00e9 de s\u2019inscrire et de payer leur prime directement en ligne sans devoir fournir de document et en quelques \u00e9tapes seulement.<\/p>\n<p>Gr\u00e2ce \u00e0 des processus enti\u00e8rement num\u00e9ris\u00e9s, \u00e0 un tarif de prime attractif et \u00e0 notre engagement \u00e0 offrir \u00e0 nos clients le meilleur service sous tous ses aspects, nous instaurons une relation gagnant-gagnant pour toutes les parties et ouvrons de nouvelles perspectives pour l\u2019avenir de la garantie de loyer.<\/p>\n<p>Sources : Site internet goCaution<\/p>\n<p>Comparez l&#8217;assurance caution goCaution[\/vc_column_text][\/vc_column_inner][\/vc_row_inner][vc_row_inner][vc_column_inner css=&#8221;.vc_custom_1500024874291{border-top-width: 1px !important;border-right-width: 1px !important;border-bottom-width: 1px !important;border-left-width: 1px !important;padding-right: 30px !important;padding-bottom: 20px !important;padding-left: 30px !important;background-color: #ffffff !important;border-left-color: #dee7f2 !important;border-left-style: solid !important;border-right-color: #dee7f2 !important;border-right-style: solid !important;border-top-color: #dee7f2 !important;border-top-style: solid !important;border-bottom-color: #dee7f2 !important;border-bottom-style: solid !important;}&#8221;]\t\n\t<h2 style=\"text-align: left;\" > Les avis des clients<br \/>\nAvis goCaution Assurance Caution - Avis Caution de loyer goCaution<\/h2>\t\n[vc_separator][\/vc_column_inner][\/vc_row_inner][\/vc_column][vc_column width=&#8221;1\/3&#8243; el_class=&#8221;add-gap-two&#8221;][vc_row_inner css=&#8221;.vc_custom_1500027601540{margin-bottom: 20px !important;}&#8221;][vc_column_inner css=&#8221;.vc_custom_1500275705717{border-top-width: 1px !important;border-right-width: 1px !important;border-bottom-width: 1px !important;border-left-width: 1px !important;padding-right: 30px !important;padding-bottom: 20px !important;padding-left: 30px !important;background-color: #ffffff !important;border-left-color: #dee7f2 !important;border-left-style: solid !important;border-right-color: #dee7f2 !important;border-right-style: solid !important;border-top-color: #dee7f2 !important;border-top-style: solid !important;border-bottom-color: #dee7f2 !important;border-bottom-style: solid !important;}&#8221;]\t\n\t<h3 style=\"text-align: left;\" > Contact<br \/>\ngoCaution Assurance Caution<\/h3>\t\n[vc_separator css=&#8221;.vc_custom_1503301606438{margin-bottom: 15px !important;}&#8221;][vc_raw_html]JTNDZGl2JTIwY2xhc3MlM0QlMjJjb2wteHMtMiUyMiUzRSUzQ2klMjBjbGFzcyUzRCUyMmZhJTIwZmEtZ2xvYmUlMjIlMjBhcmlhLWhpZGRlbiUzRCUyMnRydWUlMjIlMjBzdHlsZSUzRCUyMmNvbG9yJTNBJTIzY2JkNGRlJTNCJTIwZm9udC1zaXplJTNBeC1sYXJnZSUyMiUzRSUzQyUyRmklM0UlM0MlMkZkaXYlM0UlMEElM0NkaXYlMjBjbGFzcyUzRCUyMmNvbC14cy0xMCUyMiUzRSUzQ2ElMjB0YXJnZXQlM0QlMjJfYmxhbmslMjIlMjBocmVmJTNEJTIyaHR0cHMlM0ElMkYlMkZ3d3cuZ29jYXV0aW9uLmNoJTJGJTIyJTNFJTNDc3BhbiUyMHN0eWxlJTNEJTIyZm9udC1zaXplJTNBbGFyZ2UlMjIlM0V3d3cuZ29jYXV0aW9uLmNoJTNDJTJGc3BhbiUzRSUzQyUyRmElM0UlM0MlMkZkaXYlM0U=[\/vc_raw_html][\/vc_column_inner][\/vc_row_inner][vc_row_inner css=&#8221;.vc_custom_1500027625321{margin-bottom: 20px !important;}&#8221;][vc_column_inner el_class=&#8221;company-map&#8221; css=&#8221;.vc_custom_1500275721493{border-top-width: 1px !important;border-right-width: 1px !important;border-bottom-width: 1px !important;border-left-width: 1px !important;padding-right: 30px !important;padding-bottom: 10px !important;padding-left: 30px !important;background-color: #ffffff !important;border-left-color: #dee7f2 !important;border-left-style: solid !important;border-right-color: #dee7f2 !important;border-right-style: solid !important;border-top-color: #dee7f2 !important;border-top-style: solid !important;border-bottom-color: #dee7f2 !important;border-bottom-style: solid !important;}&#8221;]    <div class=\"map\" id=\"googleMap\"><\/div>\n    <script type=\"text\/javascript\">\n     \n    (function($) { \"use strict\";\n    \n    \/\/set your google maps parameters\n\n    $(document).ready(function(){\n        var myLatLng = {\n            lat: 46.93398,\n            lng: 7.38667        };\n\n        var map = new google.maps.Map(document.getElementById('googleMap'), {\n            zoom: 12,\n            center: myLatLng,\n            scrollwheel: false,\n\n        });\n        var image = '';\n        var marker = new google.maps.Marker({\n            position: myLatLng,\n            map: map,\n            icon: image,\n            title: 'Hello World!'\n\n        }); \n    });\n\n})(jQuery); \n    <\/script>\n\n    \t\n\t<h4 class= \"company-address\" style=\"text-align: left;color: #778191;margin-top: 10px;\" > Wangenstrasse 86a, 3018 Bern<\/h4>\t\n[\/vc_column_inner][\/vc_row_inner][\/vc_column][\/vc_row]<\/p>\n","protected":false},"excerpt":{"rendered":"<p>Nos collaborateurs ont une grande marge de man\u0153uvre pour agir de mani\u00e8re responsable. Ils peuvent apporter leurs id\u00e9es et s\u2019\u00e9panouir &#8230;<\/p>\n","protected":false},"author":1,"featured_media":5173,"parent":0,"menu_order":0,"comment_status":"open","ping_status":"closed","template":"page-templates\/template-fullwidth.php","meta":{"footnotes":""},"class_list":["post-5414","page","type-page","status-publish","has-post-thumbnail","hentry"],"yoast_head":"<!-- This site is optimized with the Yoast SEO Premium plugin v15.6.2 - https:\/\/yoast.com\/wordpress\/plugins\/seo\/ -->\n<title>goCaution Assurance Caution - Avis et notes - Comparateur<\/title>\n<meta name=\"robots\" content=\"index, follow, max-snippet:-1, max-image-preview:large, max-video-preview:-1\" \/>\n<link rel=\"canonical\" href=\"https:\/\/www.indexcaution.ch\/pt\/gocaution-companhia-de-seguros-suica\/\" \/>\n<meta property=\"og:locale\" content=\"pt_PT\" \/>\n<meta property=\"og:type\" content=\"article\" \/>\n<meta property=\"og:title\" content=\"goCaution Assurance Caution - Avis et notes - Comparateur\" \/>\n<meta property=\"og:description\" content=\"Nos collaborateurs ont une grande marge de man\u0153uvre pour agir de mani\u00e8re responsable. Ils peuvent apporter leurs id\u00e9es et s\u2019\u00e9panouir ...\" \/>\n<meta property=\"og:url\" content=\"https:\/\/www.indexcaution.ch\/pt\/gocaution-companhia-de-seguros-suica\/\" \/>\n<meta property=\"og:site_name\" content=\"Comparateur\" \/>\n<meta property=\"article:publisher\" content=\"https:\/\/www.facebook.com\/indexcaution\/\" \/>\n<meta property=\"article:modified_time\" content=\"2024-09-06T14:10:03+00:00\" \/>\n<meta property=\"og:image\" content=\"https:\/\/www.indexcaution.ch\/wp-content\/uploads\/2022\/03\/gocaution-logo.png\" \/>\n\t<meta property=\"og:image:width\" content=\"300\" \/>\n\t<meta property=\"og:image:height\" content=\"300\" \/>\n<meta name=\"twitter:card\" content=\"summary\" \/>\n<meta name=\"twitter:site\" content=\"@Index_Caution\" \/>\n<meta name=\"twitter:label1\" content=\"Est. reading time\">\n\t<meta name=\"twitter:data1\" content=\"3 minutes\">\n<script type=\"application\/ld+json\" class=\"yoast-schema-graph\">{\"@context\":\"https:\/\/schema.org\",\"@graph\":[{\"@type\":\"Organization\",\"@id\":\"https:\/\/www.indexcaution.ch\/#organization\",\"name\":\"Index Caution - Comparateur Caution de Loyer\",\"url\":\"https:\/\/www.indexcaution.ch\/\",\"sameAs\":[\"https:\/\/www.facebook.com\/indexcaution\/\",\"https:\/\/www.instagram.com\/indexcaution\/\",\"https:\/\/www.linkedin.com\/company\/index-caution\/\",\"https:\/\/twitter.com\/Index_Caution\"],\"logo\":{\"@type\":\"ImageObject\",\"@id\":\"https:\/\/www.indexcaution.ch\/#logo\",\"inLanguage\":\"pt-CH\",\"url\":\"https:\/\/www.indexcaution.ch\/wp-content\/uploads\/2019\/03\/Index-Caution-Logo.png\",\"width\":794,\"height\":353,\"caption\":\"Index Caution - Comparateur Caution de Loyer\"},\"image\":{\"@id\":\"https:\/\/www.indexcaution.ch\/#logo\"}},{\"@type\":\"WebSite\",\"@id\":\"https:\/\/www.indexcaution.ch\/#website\",\"url\":\"https:\/\/www.indexcaution.ch\/\",\"name\":\"Index Caution - Comparateur de garantie de loyer\",\"description\":\"Just another WordPress site\",\"publisher\":{\"@id\":\"https:\/\/www.indexcaution.ch\/#organization\"},\"potentialAction\":[{\"@type\":\"SearchAction\",\"target\":\"https:\/\/www.indexcaution.ch\/?s={search_term_string}\",\"query-input\":\"required name=search_term_string\"}],\"inLanguage\":\"pt-CH\"},{\"@type\":\"ImageObject\",\"@id\":\"https:\/\/www.indexcaution.ch\/pt\/gocaution-companhia-de-seguros-suica\/#primaryimage\",\"inLanguage\":\"pt-CH\",\"url\":\"https:\/\/www.indexcaution.ch\/wp-content\/uploads\/2022\/03\/gocaution-logo.png\",\"width\":300,\"height\":300},{\"@type\":\"WebPage\",\"@id\":\"https:\/\/www.indexcaution.ch\/pt\/gocaution-companhia-de-seguros-suica\/#webpage\",\"url\":\"https:\/\/www.indexcaution.ch\/pt\/gocaution-companhia-de-seguros-suica\/\",\"name\":\"goCaution Assurance Caution - Avis et notes - Comparateur\",\"isPartOf\":{\"@id\":\"https:\/\/www.indexcaution.ch\/#website\"},\"primaryImageOfPage\":{\"@id\":\"https:\/\/www.indexcaution.ch\/pt\/gocaution-companhia-de-seguros-suica\/#primaryimage\"},\"datePublished\":\"2022-03-01T13:44:25+00:00\",\"dateModified\":\"2024-09-06T14:10:03+00:00\",\"inLanguage\":\"pt-CH\",\"potentialAction\":[{\"@type\":\"ReadAction\",\"target\":[\"https:\/\/www.indexcaution.ch\/pt\/gocaution-companhia-de-seguros-suica\/\"]}]}]}<\/script>\n<!-- \/ Yoast SEO Premium plugin. -->","_links":{"self":[{"href":"https:\/\/www.indexcaution.ch\/pt\/wp-json\/wp\/v2\/pages\/5414","targetHints":{"allow":["GET"]}}],"collection":[{"href":"https:\/\/www.indexcaution.ch\/pt\/wp-json\/wp\/v2\/pages"}],"about":[{"href":"https:\/\/www.indexcaution.ch\/pt\/wp-json\/wp\/v2\/types\/page"}],"author":[{"embeddable":true,"href":"https:\/\/www.indexcaution.ch\/pt\/wp-json\/wp\/v2\/users\/1"}],"replies":[{"embeddable":true,"href":"https:\/\/www.indexcaution.ch\/pt\/wp-json\/wp\/v2\/comments?post=5414"}],"version-history":[{"count":1,"href":"https:\/\/www.indexcaution.ch\/pt\/wp-json\/wp\/v2\/pages\/5414\/revisions"}],"predecessor-version":[{"id":5426,"href":"https:\/\/www.indexcaution.ch\/pt\/wp-json\/wp\/v2\/pages\/5414\/revisions\/5426"}],"wp:featuredmedia":[{"embeddable":true,"href":"https:\/\/www.indexcaution.ch\/pt\/wp-json\/wp\/v2\/media\/5173"}],"wp:attachment":[{"href":"https:\/\/www.indexcaution.ch\/pt\/wp-json\/wp\/v2\/media?parent=5414"}],"curies":[{"name":"wp","href":"https:\/\/api.w.org\/{rel}","templated":true}]}}