{"id":3262,"date":"2017-07-24T12:15:43","date_gmt":"2017-07-24T12:15:43","guid":{"rendered":"https:\/\/www.indexcaution.ch\/conditions-dutilisation\/"},"modified":"2017-10-23T14:01:56","modified_gmt":"2017-10-23T14:01:56","slug":"condicoes-de-utilizacao","status":"publish","type":"page","link":"https:\/\/www.indexcaution.ch\/pt\/condicoes-de-utilizacao\/","title":{"rendered":"Condi\u00e7\u00f5es de utiliza\u00e7\u00e3o"},"content":{"rendered":"<p>[vc_row][vc_column][vc_empty_space][vc_column_text]<\/p>\n<h3><u>Informa\u00e7\u00f5es jur\u00eddicas<\/u><\/h3>\n<h3><\/h3>\n<h3>Responsabilidade<\/h3>\n<p>Apesar da m\u00e1xima aten\u00e7\u00e3o que prestam \u00e0 veracidade das informa\u00e7\u00f5es divulgadas neste site, os seus propriet\u00e1rios n\u00e3o podem assumir qualquer responsabilidade quanto \u00e0 fidelidade, exatid\u00e3o, atualidade, fiabilidade e integralidade das mesmas.<\/p>\n<p>Os propriet\u00e1rios deste site n\u00e3o ser\u00e3o respons\u00e1veis por eventuais danos causados pelo acesso \u00e0s informa\u00e7\u00f5es divulgadas ou pela sua utiliza\u00e7\u00e3o ou n\u00e3o utiliza\u00e7\u00e3o, pela utiliza\u00e7\u00e3o indevida da conex\u00e3o ou por problemas t\u00e9cnicos.<\/p>\n<h3>Refer\u00eancias e links<\/h3>\n<p>As refer\u00eancias e links para outros sites n\u00e3o s\u00e3o de responsabilidade dos propriet\u00e1rios deste site. O acesso a estes sites e a sua utiliza\u00e7\u00e3o s\u00e3o de responsabilidade do utilizador. Os propriet\u00e1rios do site declaram expressamente que n\u00e3o exercem qualquer influ\u00eancia sobre o conte\u00fado e as ofertas dos sites para os quais reenviam. As informa\u00e7\u00f5es e servi\u00e7os oferecidos por estes sites s\u00e3o de responsabilidade exclusiva dos seus autores.<\/p>\n<p>Os propriet\u00e1rios deste site rejeitam qualquer responsabilidade por tais sites.<\/p>\n<h3>Prote\u00e7\u00e3o de dados<\/h3>\n<p>O art. 13 da Constitui\u00e7\u00e3o Federal e as disposi\u00e7\u00f5es legais da Confedera\u00e7\u00e3o su\u00ed\u00e7a para a prote\u00e7\u00e3o dos dados estabelecem que qualquer pessoa tem direito \u00e0 prote\u00e7\u00e3o da sua esfera privada, bem como \u00e0 prote\u00e7\u00e3o contra a utiliza\u00e7\u00e3o abusiva dos dados que lhe digam respeito. Os propriet\u00e1rios deste site observam estritamente estas disposi\u00e7\u00f5es. Os dados pessoais s\u00e3o tratados de modo totalmente confidencial. S\u00e3o apagados sistematicamente, n\u00e3o s\u00e3o vendidos nem transmitidos a terceiros.<\/p>\n<p>Em estreita colabora\u00e7\u00e3o com os nossos fornecedores de acesso \u00e0 Internet, procuramos proteger o melhor poss\u00edvel os nossos bancos de dados de intrus\u00f5es externas, perdas, utiliza\u00e7\u00f5es indevidas e falsifica\u00e7\u00e3o.<\/p>\n<h3>Direitos de autor<\/h3>\n<p>Direitos de autor: Thales IT SARL, Lausana.<\/p>\n<p>As informa\u00e7\u00f5es contidas nos sites dos propriet\u00e1rios est\u00e3o \u00e0 disposi\u00e7\u00e3o do p\u00fablico. O carregamento ou a c\u00f3pia de textos, ilustra\u00e7\u00f5es ou outros dados n\u00e3o implica nenhuma transfer\u00eancia de direitos dos conte\u00fados.<\/p>\n<p>Os direitos de autor e todos os direitos associados aos textos, ilustra\u00e7\u00f5es e outros dados publicados nos sites dos propriet\u00e1rios s\u00e3o de sua exclusiva propriedade ou dos detentores expressamente citados. A reprodu\u00e7\u00e3o est\u00e1 sujeita \u00e0 autoriza\u00e7\u00e3o pr\u00e9via e por escrito dos detentores dos direitos.[\/vc_column_text][\/vc_column][\/vc_row]<\/p>\n","protected":false},"excerpt":{"rendered":"<p>[vc_row][vc_column][vc_empty_space][vc_column_text] Informa\u00e7\u00f5es jur\u00eddicas Responsabilidade Apesar da m\u00e1xima aten\u00e7\u00e3o que prestam \u00e0 veracidade das informa\u00e7\u00f5es divulgadas neste site, os seus propriet\u00e1rios n\u00e3o podem assumir qualquer responsabilidade quanto \u00e0 fidelidade, exatid\u00e3o, atualidade, fiabilidade e integralidade das mesmas. Os propriet\u00e1rios deste site n\u00e3o ser\u00e3o respons\u00e1veis por eventuais danos causados pelo acesso \u00e0s informa\u00e7\u00f5es divulgadas ou pela sua utiliza\u00e7\u00e3o [&hellip;]<\/p>\n","protected":false},"author":1,"featured_media":0,"parent":0,"menu_order":0,"comment_status":"closed","ping_status":"closed","template":"page-templates\/template-fullwidth.php","meta":{"footnotes":""},"class_list":["post-3262","page","type-page","status-publish","hentry"],"yoast_head":"<!-- This site is optimized with the Yoast SEO Premium plugin v15.6.2 - https:\/\/yoast.com\/wordpress\/plugins\/seo\/ -->\n<title>Condi\u00e7\u00f5es de utiliza\u00e7\u00e3o - Comparateur<\/title>\n<meta name=\"robots\" content=\"index, follow, max-snippet:-1, max-image-preview:large, max-video-preview:-1\" \/>\n<link rel=\"canonical\" href=\"https:\/\/www.indexcaution.ch\/conditions-dutilisation-index-caution\/\" \/>\n<meta property=\"og:locale\" content=\"pt_PT\" \/>\n<meta property=\"og:type\" content=\"article\" \/>\n<meta property=\"og:title\" content=\"Condi\u00e7\u00f5es de utiliza\u00e7\u00e3o - Comparateur\" \/>\n<meta property=\"og:description\" content=\"[vc_row][vc_column][vc_empty_space][vc_column_text] Informa\u00e7\u00f5es jur\u00eddicas Responsabilidade Apesar da m\u00e1xima aten\u00e7\u00e3o que prestam \u00e0 veracidade das informa\u00e7\u00f5es divulgadas neste site, os seus propriet\u00e1rios n\u00e3o podem assumir qualquer responsabilidade quanto \u00e0 fidelidade, exatid\u00e3o, atualidade, fiabilidade e integralidade das mesmas. Os propriet\u00e1rios deste site n\u00e3o ser\u00e3o respons\u00e1veis por eventuais danos causados pelo acesso \u00e0s informa\u00e7\u00f5es divulgadas ou pela sua utiliza\u00e7\u00e3o [&hellip;]\" \/>\n<meta property=\"og:url\" content=\"https:\/\/www.indexcaution.ch\/conditions-dutilisation-index-caution\/\" \/>\n<meta property=\"og:site_name\" content=\"Comparateur\" \/>\n<meta property=\"article:publisher\" content=\"https:\/\/www.facebook.com\/indexcaution\/\" \/>\n<meta property=\"article:modified_time\" content=\"2017-10-23T14:01:56+00:00\" \/>\n<meta name=\"twitter:card\" content=\"summary\" \/>\n<meta name=\"twitter:site\" content=\"@Index_Caution\" \/>\n<meta name=\"twitter:label1\" content=\"Est. reading time\">\n\t<meta name=\"twitter:data1\" content=\"2 minutes\">\n<script type=\"application\/ld+json\" class=\"yoast-schema-graph\">{\"@context\":\"https:\/\/schema.org\",\"@graph\":[{\"@type\":\"Organization\",\"@id\":\"https:\/\/www.indexcaution.ch\/#organization\",\"name\":\"Index Caution - Comparateur Caution de Loyer\",\"url\":\"https:\/\/www.indexcaution.ch\/\",\"sameAs\":[\"https:\/\/www.facebook.com\/indexcaution\/\",\"https:\/\/www.instagram.com\/indexcaution\/\",\"https:\/\/www.linkedin.com\/company\/index-caution\/\",\"https:\/\/twitter.com\/Index_Caution\"],\"logo\":{\"@type\":\"ImageObject\",\"@id\":\"https:\/\/www.indexcaution.ch\/#logo\",\"inLanguage\":\"pt-CH\",\"url\":\"https:\/\/www.indexcaution.ch\/wp-content\/uploads\/2019\/03\/Index-Caution-Logo.png\",\"width\":794,\"height\":353,\"caption\":\"Index Caution - Comparateur Caution de Loyer\"},\"image\":{\"@id\":\"https:\/\/www.indexcaution.ch\/#logo\"}},{\"@type\":\"WebSite\",\"@id\":\"https:\/\/www.indexcaution.ch\/#website\",\"url\":\"https:\/\/www.indexcaution.ch\/\",\"name\":\"Index Caution - Comparateur de garantie de loyer\",\"description\":\"Just another WordPress site\",\"publisher\":{\"@id\":\"https:\/\/www.indexcaution.ch\/#organization\"},\"potentialAction\":[{\"@type\":\"SearchAction\",\"target\":\"https:\/\/www.indexcaution.ch\/?s={search_term_string}\",\"query-input\":\"required name=search_term_string\"}],\"inLanguage\":\"pt-CH\"},{\"@type\":\"WebPage\",\"@id\":\"https:\/\/www.indexcaution.ch\/conditions-dutilisation-index-caution\/#webpage\",\"url\":\"https:\/\/www.indexcaution.ch\/conditions-dutilisation-index-caution\/\",\"name\":\"Condi\\u00e7\\u00f5es de utiliza\\u00e7\\u00e3o - Comparateur\",\"isPartOf\":{\"@id\":\"https:\/\/www.indexcaution.ch\/#website\"},\"datePublished\":\"2017-07-24T12:15:43+00:00\",\"dateModified\":\"2017-10-23T14:01:56+00:00\",\"inLanguage\":\"pt-CH\",\"potentialAction\":[{\"@type\":\"ReadAction\",\"target\":[\"https:\/\/www.indexcaution.ch\/conditions-dutilisation-index-caution\/\"]}]}]}<\/script>\n<!-- \/ Yoast SEO Premium plugin. -->","_links":{"self":[{"href":"https:\/\/www.indexcaution.ch\/pt\/wp-json\/wp\/v2\/pages\/3262","targetHints":{"allow":["GET"]}}],"collection":[{"href":"https:\/\/www.indexcaution.ch\/pt\/wp-json\/wp\/v2\/pages"}],"about":[{"href":"https:\/\/www.indexcaution.ch\/pt\/wp-json\/wp\/v2\/types\/page"}],"author":[{"embeddable":true,"href":"https:\/\/www.indexcaution.ch\/pt\/wp-json\/wp\/v2\/users\/1"}],"replies":[{"embeddable":true,"href":"https:\/\/www.indexcaution.ch\/pt\/wp-json\/wp\/v2\/comments?post=3262"}],"version-history":[{"count":3,"href":"https:\/\/www.indexcaution.ch\/pt\/wp-json\/wp\/v2\/pages\/3262\/revisions"}],"predecessor-version":[{"id":3623,"href":"https:\/\/www.indexcaution.ch\/pt\/wp-json\/wp\/v2\/pages\/3262\/revisions\/3623"}],"wp:attachment":[{"href":"https:\/\/www.indexcaution.ch\/pt\/wp-json\/wp\/v2\/media?parent=3262"}],"curies":[{"name":"wp","href":"https:\/\/api.w.org\/{rel}","templated":true}]}}