{"id":3221,"date":"2016-12-19T02:59:58","date_gmt":"2016-12-19T02:59:58","guid":{"rendered":"https:\/\/www.indexcaution.ch\/a-propos\/"},"modified":"2017-11-29T21:17:00","modified_gmt":"2017-11-29T21:17:00","slug":"sobre","status":"publish","type":"page","link":"https:\/\/www.indexcaution.ch\/pt\/sobre\/","title":{"rendered":"Sobre"},"content":{"rendered":"<p>[vc_row css=&#8221;.vc_custom_1482486406591{margin-top: -40px !important;}&#8221;][vc_column bgcolor=&#8221;#ffffff&#8221;][vc_row_inner css=&#8221;.vc_custom_1482486413093{padding-top: 40px !important;padding-right: 40px !important;padding-bottom: 40px !important;padding-left: 40px !important;}&#8221;][vc_column_inner css=&#8221;.vc_custom_1482117949347{padding-top: 0px !important;}&#8221;]\t\n\t<h1 style=\"margin-bottom: 30px;\" > Index Caution<\/h1>\t\n[vc_column_text css=&#8221;.vc_custom_1508764707671{margin-bottom: 30px !important;}&#8221;]<\/p>\n<p class=\"lead\">O site Index Caution foi criado para satisfazer \u00e0s expectativas do mercado imobili\u00e1rio, locadores, ag\u00eancias imobili\u00e1rias e locat\u00e1rios.<\/p>\n<p>[\/vc_column_text][vc_column_text css=&#8221;.vc_custom_1508764807715{margin-bottom: 20px !important;}&#8221;]Index Caution oferece um comparador \u00fanico no seu g\u00e9nero. Ele permite que o utilizador escolha o per\u00edodo de loca\u00e7\u00e3o de um im\u00f3vel e determine as despesas decorrentes da garantia de loca\u00e7\u00e3o a longo prazo.<\/p>\n<p>Uma vez que a dura\u00e7\u00e3o m\u00e9dia de um im\u00f3vel arrendado na Su\u00ed\u00e7a \u00e9 de 8 anos, Index Caution pode determinar rapidamente o montante total dos pr\u00e9mios de seguro de cau\u00e7\u00e3o durante o per\u00edodo de loca\u00e7\u00e3o pretendido junto de v\u00e1rios prestadores de servi\u00e7os.<\/p>\n<p>Os nossos c\u00e1lculos tomam em considera\u00e7\u00e3o os dados obtidos das Condi\u00e7\u00f5es Gerais de Seguro das empresas de cau\u00e7\u00e3o consideradas. A nossa vigil\u00e2ncia ativa permite uma atualiza\u00e7\u00e3o frequente &#8211; mas sem garantia &#8211; desses dados.<\/p>\n<p>O site Index Caution \u00e9 alimentado por v\u00e1rias rubricas ligadas \u00e0 garantia de loca\u00e7\u00e3o e ao mercado imobili\u00e1rio. Convidamo-lo a descobri-las.<\/p>\n<p>A sua cau\u00e7\u00e3o![\/vc_column_text][\/vc_column_inner][\/vc_row_inner][\/vc_column][\/vc_row][vc_row][vc_column bgcolor=&#8221;#eff1f4&#8243;][vc_row_inner css=&#8221;.vc_custom_1482486429390{padding-top: 120px !important;padding-right: 60px !important;padding-bottom: 120px !important;padding-left: 60px !important;}&#8221;][vc_column_inner width=&#8221;1\/3&#8243;]  <div class=\"text-center mb30\">\n      <div class=\"icon\"> <i class=\"icon-4x icon-umbrella icon-default\"><\/i>      <h1 class=\"big-title\">6<\/h1>      <div class=\"small-title\">Empresas de cau\u00e7\u00e3o a comparar<\/div>      <\/div>  <\/div>\n[\/vc_column_inner][vc_column_inner width=&#8221;1\/3&#8243;]  <div class=\"text-center mb30\">\n      <div class=\"icon\"> <i class=\"icon-4x icon-piggy-bank icon-default\"><\/i>      <h1 class=\"big-title\">35%<\/h1>      <div class=\"small-title\">De poupan\u00e7a em m\u00e9dia<\/div>      <\/div>  <\/div>\n[\/vc_column_inner][vc_column_inner width=&#8221;1\/3&#8243;]  <div class=\"text-center mb30\">\n      <div class=\"icon\"> <i class=\"icon-4x  icon-like icon-default\"><\/i>      <h1 class=\"big-title\">100%<\/h1>      <div class=\"small-title\">Gratuito e transparente<\/div>      <\/div>  <\/div>\n[\/vc_column_inner][\/vc_row_inner][\/vc_column][\/vc_row][vc_row][vc_column bgcolor=&#8221;#ffffff&#8221;][vc_row_inner css=&#8221;.vc_custom_1504007323758{padding-top: 80px !important;padding-right: 40px !important;padding-bottom: 40px !important;padding-left: 40px !important;}&#8221;][vc_column_inner]\t\n\t<h1 style=\"text-align: center;\" > Como funciona?<\/h1>\t\n[vc_column_text css=&#8221;.vc_custom_1508764963730{margin-bottom: 0px !important;}&#8221;]<\/p>\n<p style=\"text-align: center;\">Com Index Caution, poder\u00e1 comparar o pr\u00e9mio de diversas empresas de cau\u00e7\u00e3o e contactar diretamente o prestador de servi\u00e7os da sua escolha.<\/p>\n<p>[\/vc_column_text][\/vc_column_inner][\/vc_row_inner][vc_row_inner css=&#8221;.vc_custom_1504007124738{padding-top: 40px !important;padding-right: 40px !important;padding-bottom: 20px !important;padding-left: 40px !important;}&#8221;][vc_column_inner width=&#8221;1\/3&#8243;]  <div class=\"bg-white pinside40 number-block outline mb60 bg-boxshadow\">\n      <div class=\"circle\"><span class=\"number\">1<\/span><\/div>      <h3 class=\"number-title\">Montante da sua cau\u00e7\u00e3o<\/h3>      <p>Indique o montante da sua cau\u00e7\u00e3o de loca\u00e7\u00e3o e compare os pr\u00e9mios de diversas empresas.<\/p>  <\/div>\n[\/vc_column_inner][vc_column_inner width=&#8221;1\/3&#8243;]  <div class=\"bg-white pinside40 number-block outline mb60 bg-boxshadow\">\n      <div class=\"circle\"><span class=\"number\">2<\/span><\/div>      <h3 class=\"number-title\">Escolha da empresa<\/h3>      <p>As empresas de cau\u00e7\u00e3o cobram de outro modo a sua presta\u00e7\u00e3o de servi\u00e7os.<\/p>  <\/div>\n[\/vc_column_inner][vc_column_inner width=&#8221;1\/3&#8243;]  <div class=\"bg-white pinside40 number-block outline mb60 bg-boxshadow\">\n      <div class=\"circle\"><span class=\"number\">3<\/span><\/div>      <h3 class=\"number-title\">Inscreva-se<\/h3>      <p>Index Caution permite que contacte diretamente o prestador de servi\u00e7os da sua escolha.<\/p>  <\/div>\n[\/vc_column_inner][\/vc_row_inner][vc_row_inner css=&#8221;.vc_custom_1504007335381{padding-bottom: 80px !important;}&#8221; el_class=&#8221;text-center&#8221;][vc_column_inner]    <a href=\"\/pt\/comparador\/\" class=\"btn btn-default \">Comparar o seu pr\u00e9mio<\/a>\n  [\/vc_column_inner][\/vc_row_inner][\/vc_column][\/vc_row][vc_row][vc_column bgcolor=&#8221;#eff1f4&#8243;][vc_row_inner disable_element=&#8221;yes&#8221; css=&#8221;.vc_custom_1511990215432{padding-top: 80px !important;padding-right: 40px !important;padding-bottom: 80px !important;padding-left: 40px !important;}&#8221;][vc_column_inner]\t\n\t<h1 style=\"text-align: center;\" > Testemunhos dos utilizadores<\/h1>\t\n[vc_column_text css=&#8221;.vc_custom_1508765216551{margin-bottom: 60px !important;}&#8221;]<\/p>\n<p style=\"text-align: center;\">Uma amostra de testemunhos de utilizadores do comparador Index Caution.<\/p>\n<p>[\/vc_column_text]      <div class=\"row isotope\">\n      \n      <div class=\"col-md-6 col-sm-6 clearfix col-xs-12 gallery-masonry\">\n          <div class=\"testimonial-block mb30 text-center\">\n              <div class=\"mb20 testimonial-img-1\"> <img decoding=\"async\" src=\"https:\/\/www.indexcaution.ch\/wp-content\/uploads\/2016\/12\/Index_Caution_icon.png\" class=\"img-circle\" alt=\"\"> <\/div>\n              <div class=\"mb20\">\n                  <p class=\"testimonial-text\">\u201cI loved the customer service you guys provided me. That was very nice and patient with questions I had. I would really like definitely come back here\u201d<\/p>\n              <\/div>\n              <div class=\"testimonial-autor-box\">\n                  <div class=\"testimonial-autor\">\n                      <h4 class=\"testimonial-name-1\">Donny J. Griffin<\/h4>\n                      <span class=\"testimonial-meta\">Personal Loan<\/span> \n                  <\/div>\n              <\/div>\n          <\/div>\n      <\/div>\n      \n      <div class=\"col-md-6 col-sm-6 clearfix col-xs-12 gallery-masonry\">\n          <div class=\"testimonial-block mb30 text-center\">\n              <div class=\"mb20 testimonial-img-1\"> <img decoding=\"async\" src=\"https:\/\/www.indexcaution.ch\/wp-content\/uploads\/2016\/12\/Index_Caution_icon.png\" class=\"img-circle\" alt=\"\"> <\/div>\n              <div class=\"mb20\">\n                  <p class=\"testimonial-text\">\u201cI had a good experience with Insight Loan Services. I am thankful to insight for the help you guys gave me. My loan was easy and fast. thank you Insigtht\u201d<\/p>\n              <\/div>\n              <div class=\"testimonial-autor-box\">\n                  <div class=\"testimonial-autor\">\n                      <h4 class=\"testimonial-name-1\">Mary O. Randle<\/h4>\n                      <span class=\"testimonial-meta\">Education Loan<\/span> \n                  <\/div>\n              <\/div>\n          <\/div>\n      <\/div>\n       \n    <\/div>\n    [\/vc_column_inner][\/vc_row_inner][\/vc_column][\/vc_row][vc_row css=&#8221;.vc_custom_1504008307463{margin-bottom: 60px !important;}&#8221;][vc_column bgcolor=&#8221;#ffffff&#8221;][vc_row_inner css=&#8221;.vc_custom_1504007966756{padding-top: 80px !important;}&#8221;][vc_column_inner]\t\n\t<h1 style=\"text-align: center;\" > Estamos aqui para o ajudar<\/h1>\t\n[vc_column_text css=&#8221;.vc_custom_1508765281974{margin-bottom: 0px !important;}&#8221;]<\/p>\n<p style=\"text-align: center;\">Selecione uma das seguintes op\u00e7\u00f5es<\/p>\n<p>[\/vc_column_text][\/vc_column_inner][\/vc_row_inner][vc_row_inner css=&#8221;.vc_custom_1505120382296{padding-right: 40px !important;padding-bottom: 80px !important;padding-left: 40px !important;}&#8221;][vc_column_inner width=&#8221;1\/3&#8243;]  <div class=\"bg-white bg-boxshadow pinside40 outline text-center mb30\">\n    <div class=\"mb40\"><i class=\"icon-calculator-2  icon-2x icon-default\"><\/i><\/div>\n    <h2 class=\"capital-title\">COMPARAR<\/h2>        <p>Aceda ao \u00daNICO COMPARADOR TEMPORAL!<\/p>    <a class=\"btn-link\" href=\"\/pt\/comparador\/\" title=\"Comparar o seu pr\u00e9mio\" target=\"_self\">Comparar o seu pr\u00e9mio<\/a>  <\/div>\n[\/vc_column_inner][vc_column_inner width=&#8221;1\/3&#8243;]  <div class=\"bg-white bg-boxshadow pinside40 outline text-center mb30\">\n    <div class=\"mb40\"><i class=\"icon-phone-call  icon-2x icon-default\"><\/i><\/div>\n    <h2 class=\"capital-title\">QUERO QUE ME LIGUEM<\/h2>        <p>Gostaria de obter informa\u00e7\u00f5es? \u00c9 s\u00f3 pedir que ligamos para si.<\/p>    <a class=\"btn-link\" href=\"\/pt\/contacte-nos\/\" title=\"Solicitar chamada\" target=\"_self\">Solicitar chamada<\/a>  <\/div>\n[\/vc_column_inner][vc_column_inner width=&#8221;1\/3&#8243;]  <div class=\"bg-white bg-boxshadow pinside40 outline text-center mb30\">\n    <div class=\"mb40\"><i class=\"icon-users  icon-2x icon-default\"><\/i><\/div>\n    <h2 class=\"capital-title\">ENVIE-NOS UM E-MAIL<\/h2>        <p>Deseja contactar-nos. Utilize o nosso formul\u00e1rio de contacto online.<\/p>    <a class=\"btn-link\" href=\"\/pt\/contacte-nos\/\" title=\"Contacte-nos\" target=\"_self\">Contacte-nos<\/a>  <\/div>\n[\/vc_column_inner][\/vc_row_inner][\/vc_column][\/vc_row]<\/p>\n","protected":false},"excerpt":{"rendered":"<p>[vc_row css=&#8221;.vc_custom_1482486406591{margin-top: -40px !important;}&#8221;][vc_column bgcolor=&#8221;#ffffff&#8221;][vc_row_inner css=&#8221;.vc_custom_1482486413093{padding-top: 40px !important;padding-right: 40px !important;padding-bottom: 40px !important;padding-left: 40px !important;}&#8221;][vc_column_inner css=&#8221;.vc_custom_1482117949347{padding-top: 0px !important;}&#8221;][vc_column_text css=&#8221;.vc_custom_1508764707671{margin-bottom: 30px !important;}&#8221;] O site Index Caution foi criado para satisfazer \u00e0s expectativas do mercado imobili\u00e1rio, locadores, ag\u00eancias imobili\u00e1rias e locat\u00e1rios. [\/vc_column_text][vc_column_text css=&#8221;.vc_custom_1508764807715{margin-bottom: 20px !important;}&#8221;]Index Caution oferece um comparador \u00fanico no seu g\u00e9nero. Ele permite que o utilizador [&hellip;]<\/p>\n","protected":false},"author":1,"featured_media":0,"parent":0,"menu_order":0,"comment_status":"closed","ping_status":"closed","template":"page-templates\/template-fullwidth.php","meta":{"footnotes":""},"class_list":["post-3221","page","type-page","status-publish","hentry"],"yoast_head":"<!-- This site is optimized with the Yoast SEO Premium plugin v15.6.2 - https:\/\/yoast.com\/wordpress\/plugins\/seo\/ -->\n<title>Sobre - Comparateur<\/title>\n<meta name=\"robots\" content=\"index, follow, max-snippet:-1, max-image-preview:large, max-video-preview:-1\" \/>\n<link rel=\"canonical\" href=\"https:\/\/www.indexcaution.ch\/comparateur-assurance-garantie-locative\/\" \/>\n<meta property=\"og:locale\" content=\"pt_PT\" \/>\n<meta property=\"og:type\" content=\"article\" \/>\n<meta property=\"og:title\" content=\"Sobre - Comparateur\" \/>\n<meta property=\"og:description\" content=\"[vc_row css=&#8221;.vc_custom_1482486406591{margin-top: -40px !important;}&#8221;][vc_column bgcolor=&#8221;#ffffff&#8221;][vc_row_inner css=&#8221;.vc_custom_1482486413093{padding-top: 40px !important;padding-right: 40px !important;padding-bottom: 40px !important;padding-left: 40px !important;}&#8221;][vc_column_inner css=&#8221;.vc_custom_1482117949347{padding-top: 0px !important;}&#8221;][vc_column_text css=&#8221;.vc_custom_1508764707671{margin-bottom: 30px !important;}&#8221;] O site Index Caution foi criado para satisfazer \u00e0s expectativas do mercado imobili\u00e1rio, locadores, ag\u00eancias imobili\u00e1rias e locat\u00e1rios. [\/vc_column_text][vc_column_text css=&#8221;.vc_custom_1508764807715{margin-bottom: 20px !important;}&#8221;]Index Caution oferece um comparador \u00fanico no seu g\u00e9nero. Ele permite que o utilizador [&hellip;]\" \/>\n<meta property=\"og:url\" content=\"https:\/\/www.indexcaution.ch\/comparateur-assurance-garantie-locative\/\" \/>\n<meta property=\"og:site_name\" content=\"Comparateur\" \/>\n<meta property=\"article:publisher\" content=\"https:\/\/www.facebook.com\/indexcaution\/\" \/>\n<meta property=\"article:modified_time\" content=\"2017-11-29T21:17:00+00:00\" \/>\n<meta name=\"twitter:card\" content=\"summary\" \/>\n<meta name=\"twitter:site\" content=\"@Index_Caution\" \/>\n<meta name=\"twitter:label1\" content=\"Est. reading time\">\n\t<meta name=\"twitter:data1\" content=\"5 minutes\">\n<script type=\"application\/ld+json\" class=\"yoast-schema-graph\">{\"@context\":\"https:\/\/schema.org\",\"@graph\":[{\"@type\":\"Organization\",\"@id\":\"https:\/\/www.indexcaution.ch\/#organization\",\"name\":\"Index Caution - Comparateur Caution de Loyer\",\"url\":\"https:\/\/www.indexcaution.ch\/\",\"sameAs\":[\"https:\/\/www.facebook.com\/indexcaution\/\",\"https:\/\/www.instagram.com\/indexcaution\/\",\"https:\/\/www.linkedin.com\/company\/index-caution\/\",\"https:\/\/twitter.com\/Index_Caution\"],\"logo\":{\"@type\":\"ImageObject\",\"@id\":\"https:\/\/www.indexcaution.ch\/#logo\",\"inLanguage\":\"pt-CH\",\"url\":\"https:\/\/www.indexcaution.ch\/wp-content\/uploads\/2019\/03\/Index-Caution-Logo.png\",\"width\":794,\"height\":353,\"caption\":\"Index Caution - Comparateur Caution de Loyer\"},\"image\":{\"@id\":\"https:\/\/www.indexcaution.ch\/#logo\"}},{\"@type\":\"WebSite\",\"@id\":\"https:\/\/www.indexcaution.ch\/#website\",\"url\":\"https:\/\/www.indexcaution.ch\/\",\"name\":\"Index Caution - Comparateur de garantie de loyer\",\"description\":\"Just another WordPress site\",\"publisher\":{\"@id\":\"https:\/\/www.indexcaution.ch\/#organization\"},\"potentialAction\":[{\"@type\":\"SearchAction\",\"target\":\"https:\/\/www.indexcaution.ch\/?s={search_term_string}\",\"query-input\":\"required name=search_term_string\"}],\"inLanguage\":\"pt-CH\"},{\"@type\":\"WebPage\",\"@id\":\"https:\/\/www.indexcaution.ch\/comparateur-assurance-garantie-locative\/#webpage\",\"url\":\"https:\/\/www.indexcaution.ch\/comparateur-assurance-garantie-locative\/\",\"name\":\"Sobre - Comparateur\",\"isPartOf\":{\"@id\":\"https:\/\/www.indexcaution.ch\/#website\"},\"datePublished\":\"2016-12-19T02:59:58+00:00\",\"dateModified\":\"2017-11-29T21:17:00+00:00\",\"inLanguage\":\"pt-CH\",\"potentialAction\":[{\"@type\":\"ReadAction\",\"target\":[\"https:\/\/www.indexcaution.ch\/comparateur-assurance-garantie-locative\/\"]}]}]}<\/script>\n<!-- \/ Yoast SEO Premium plugin. -->","_links":{"self":[{"href":"https:\/\/www.indexcaution.ch\/pt\/wp-json\/wp\/v2\/pages\/3221","targetHints":{"allow":["GET"]}}],"collection":[{"href":"https:\/\/www.indexcaution.ch\/pt\/wp-json\/wp\/v2\/pages"}],"about":[{"href":"https:\/\/www.indexcaution.ch\/pt\/wp-json\/wp\/v2\/types\/page"}],"author":[{"embeddable":true,"href":"https:\/\/www.indexcaution.ch\/pt\/wp-json\/wp\/v2\/users\/1"}],"replies":[{"embeddable":true,"href":"https:\/\/www.indexcaution.ch\/pt\/wp-json\/wp\/v2\/comments?post=3221"}],"version-history":[{"count":7,"href":"https:\/\/www.indexcaution.ch\/pt\/wp-json\/wp\/v2\/pages\/3221\/revisions"}],"predecessor-version":[{"id":3795,"href":"https:\/\/www.indexcaution.ch\/pt\/wp-json\/wp\/v2\/pages\/3221\/revisions\/3795"}],"wp:attachment":[{"href":"https:\/\/www.indexcaution.ch\/pt\/wp-json\/wp\/v2\/media?parent=3221"}],"curies":[{"name":"wp","href":"https:\/\/api.w.org\/{rel}","templated":true}]}}