{"id":3215,"date":"2016-12-19T02:59:58","date_gmt":"2016-12-19T02:59:58","guid":{"rendered":"https:\/\/www.indexcaution.ch\/a-propos\/"},"modified":"2017-12-15T12:11:45","modified_gmt":"2017-12-15T12:11:45","slug":"a-proposito-di","status":"publish","type":"page","link":"https:\/\/www.indexcaution.ch\/it\/a-proposito-di\/","title":{"rendered":"A proposito di"},"content":{"rendered":"<p>[vc_row css=&#8221;.vc_custom_1482486406591{margin-top: -40px !important;}&#8221;][vc_column bgcolor=&#8221;#ffffff&#8221;][vc_row_inner css=&#8221;.vc_custom_1482486413093{padding-top: 40px !important;padding-right: 40px !important;padding-bottom: 40px !important;padding-left: 40px !important;}&#8221;][vc_column_inner css=&#8221;.vc_custom_1482117949347{padding-top: 0px !important;}&#8221;]\t\n\t<h1 style=\"margin-bottom: 30px;\" > Index Caution - Comparateur assurance garantie locative<\/h1>\t\n[vc_column_text css=&#8221;.vc_custom_1504003949051{margin-bottom: 30px !important;}&#8221;]<\/p>\n<p class=\"lead\">Le site Index Caution a \u00e9t\u00e9 cr\u00e9\u00e9 pour combler les attentes du march\u00e9 immobilier, bailleurs, agences immobili\u00e8res et locataires y compris.<\/p>\n<p>[\/vc_column_text][vc_column_text css=&#8221;.vc_custom_1512077256828{margin-bottom: 20px !important;}&#8221;]Index Caution propose un comparateur unique en son genre. Il permet \u00e0 l\u2019utilisateur de choisir la p\u00e9riode de location d\u2019un bien immobilier et ainsi de d\u00e9terminer les charges aff\u00e9rentes \u00e0 sa garantie de loyer dans la dur\u00e9e.<\/p>\n<p>Sachant que la dur\u00e9e moyenne d\u2019un bien \u00e0 usage d\u2019habitation lou\u00e9 en Suisse est de 8 ans, Index Caution peut d\u00e9terminer en quelques clics le montant total des primes d\u2019assurance caution sur la p\u00e9riode de location envisag\u00e9e aupr\u00e8s de diff\u00e9rents prestataires de service.<\/p>\n<p>Nos calculs prennent en compte les donn\u00e9es obtenues des Conditions G\u00e9n\u00e9rales d\u2019Assurances des soci\u00e9t\u00e9s de caution consid\u00e9r\u00e9es. Notre veille active permet une actualisation fr\u00e9quente \u2013 mais sans garantie \u2013 de ces donn\u00e9es.<\/p>\n<p>Le site Index Caution est aliment\u00e9 de plusieurs rubriques li\u00e9s \u00e0 la garantie de loyer et au march\u00e9 immobilier. Nous vous invitons \u00e0 les d\u00e9couvrir.<\/p>\n<p>Cautionnement V\u00f4tre !<\/p>\n<p><a style=\"text-align: left; line-height: inherit; font-weight: inherit;\" href=\"https:\/\/www.indexcaution.ch\/comparateur-societes-de-cautionnement\/\" target=\"_blank\" rel=\"noopener\">Index Caution Comparateur Garantie de Loyer<\/a>[\/vc_column_text][\/vc_column_inner][\/vc_row_inner][\/vc_column][\/vc_row][vc_row][vc_column bgcolor=&#8221;#eff1f4&#8243;][vc_row_inner css=&#8221;.vc_custom_1482486429390{padding-top: 120px !important;padding-right: 60px !important;padding-bottom: 120px !important;padding-left: 60px !important;}&#8221;][vc_column_inner width=&#8221;1\/3&#8243;]  <div class=\"text-center mb30\">\n      <div class=\"icon\"> <i class=\"icon-4x icon-umbrella icon-default\"><\/i>      <h1 class=\"big-title\">6<\/h1>      <div class=\"small-title\">Soci\u00e9t\u00e9s de cautionnement \u00e0 comparer<\/div>      <\/div>  <\/div>\n[\/vc_column_inner][vc_column_inner width=&#8221;1\/3&#8243;]  <div class=\"text-center mb30\">\n      <div class=\"icon\"> <i class=\"icon-4x icon-piggy-bank icon-default\"><\/i>      <h1 class=\"big-title\">35%<\/h1>      <div class=\"small-title\">D\u2019\u00e9conomie en moyenne<\/div>      <\/div>  <\/div>\n[\/vc_column_inner][vc_column_inner width=&#8221;1\/3&#8243;]  <div class=\"text-center mb30\">\n      <div class=\"icon\"> <i class=\"icon-4x  icon-like icon-default\"><\/i>      <h1 class=\"big-title\">100%<\/h1>      <div class=\"small-title\">Gratuit et transparent<\/div>      <\/div>  <\/div>\n[\/vc_column_inner][\/vc_row_inner][\/vc_column][\/vc_row][vc_row][vc_column bgcolor=&#8221;#ffffff&#8221;][vc_row_inner css=&#8221;.vc_custom_1504007323758{padding-top: 80px !important;padding-right: 40px !important;padding-bottom: 40px !important;padding-left: 40px !important;}&#8221;][vc_column_inner]\t\n\t<h1 style=\"text-align: center;\" > Comment \u00e7a marche ?<\/h1>\t\n[vc_column_text css=&#8221;.vc_custom_1512077243913{margin-bottom: 0px !important;}&#8221;]<\/p>\n<p style=\"text-align: center;\">Avec Index Caution vous pouvez comparer la prime de diff\u00e9rentes soci\u00e9t\u00e9s de cautionnement et<br \/>\nd\u2019acc\u00e9der directement au prestataire de votre choix.<\/p>\n<p style=\"text-align: center;\"><a style=\"text-align: left; line-height: inherit; font-weight: inherit;\" href=\"https:\/\/www.indexcaution.ch\/comparateur-societes-de-cautionnement\/\" target=\"_blank\" rel=\"noopener\">Indice Cauzione &#8211; Comparatore Garanzia di affitto<\/a><\/p>\n<p>[\/vc_column_text][\/vc_column_inner][\/vc_row_inner][vc_row_inner css=&#8221;.vc_custom_1504007124738{padding-top: 40px !important;padding-right: 40px !important;padding-bottom: 20px !important;padding-left: 40px !important;}&#8221;][vc_column_inner width=&#8221;1\/3&#8243;]  <div class=\"bg-white pinside40 number-block outline mb60 bg-boxshadow\">\n      <div class=\"circle\"><span class=\"number\">1<\/span><\/div>      <h3 class=\"number-title\">Montant de votre caution<\/h3>      <p>Indiquez le montant de votre caution de loyer et comparez la prime des diff\u00e9rentes soci\u00e9t\u00e9s.<\/p>  <\/div>\n[\/vc_column_inner][vc_column_inner width=&#8221;1\/3&#8243;]  <div class=\"bg-white pinside40 number-block outline mb60 bg-boxshadow\">\n      <div class=\"circle\"><span class=\"number\">2<\/span><\/div>      <h3 class=\"number-title\">Choix du prestataire<\/h3>      <p>Les soci\u00e9t\u00e9s de cautionnement facturent diff\u00e9remment leurs prestations de service.<\/p>  <\/div>\n[\/vc_column_inner][vc_column_inner width=&#8221;1\/3&#8243;]  <div class=\"bg-white pinside40 number-block outline mb60 bg-boxshadow\">\n      <div class=\"circle\"><span class=\"number\">3<\/span><\/div>      <h3 class=\"number-title\">Inscrivez-vous<\/h3>      <p>Index Caution vous permet d\u2019acc\u00e9der directement au prestataire de votre choix.<\/p>  <\/div>\n[\/vc_column_inner][\/vc_row_inner][vc_row_inner css=&#8221;.vc_custom_1504007335381{padding-bottom: 80px !important;}&#8221; el_class=&#8221;text-center&#8221;][vc_column_inner]    <a href=\"\/comparateur\/\" class=\"btn btn-default \">Comparer votre prime<\/a>\n  [\/vc_column_inner][\/vc_row_inner][\/vc_column][\/vc_row][vc_row disable_element=&#8221;yes&#8221;][vc_column bgcolor=&#8221;#eff1f4&#8243;][vc_row_inner css=&#8221;.vc_custom_1504007602658{padding-top: 80px !important;padding-right: 40px !important;padding-bottom: 80px !important;padding-left: 40px !important;}&#8221;][vc_column_inner]\t\n\t<h1 style=\"text-align: center;\" > T\u00e9moignages de nos utilisateurs<\/h1>\t\n[vc_column_text css=&#8221;.vc_custom_1504007667888{margin-bottom: 60px !important;}&#8221;]<\/p>\n<p style=\"text-align: center;\">Un \u00e9chantillon de t\u00e9moignage des personnes qui ont utilis\u00e9es le comparateur Index Caution.<\/p>\n<p>[\/vc_column_text]      <div class=\"row isotope\">\n      \n      <div class=\"col-md-6 col-sm-6 clearfix col-xs-12 gallery-masonry\">\n          <div class=\"testimonial-block mb30 text-center\">\n              <div class=\"mb20 testimonial-img-1\"> <img decoding=\"async\" src=\"https:\/\/www.indexcaution.ch\/wp-content\/uploads\/2016\/12\/Index_Caution_icon.png\" class=\"img-circle\" alt=\"\"> <\/div>\n              <div class=\"mb20\">\n                  <p class=\"testimonial-text\">\u201cI loved the customer service you guys provided me. That was very nice and patient with questions I had. I would really like definitely come back here\u201d<\/p>\n              <\/div>\n              <div class=\"testimonial-autor-box\">\n                  <div class=\"testimonial-autor\">\n                      <h4 class=\"testimonial-name-1\">Donny J. Griffin<\/h4>\n                      <span class=\"testimonial-meta\">Personal Loan<\/span> \n                  <\/div>\n              <\/div>\n          <\/div>\n      <\/div>\n      \n      <div class=\"col-md-6 col-sm-6 clearfix col-xs-12 gallery-masonry\">\n          <div class=\"testimonial-block mb30 text-center\">\n              <div class=\"mb20 testimonial-img-1\"> <img decoding=\"async\" src=\"https:\/\/www.indexcaution.ch\/wp-content\/uploads\/2016\/12\/Index_Caution_icon.png\" class=\"img-circle\" alt=\"\"> <\/div>\n              <div class=\"mb20\">\n                  <p class=\"testimonial-text\">\u201cI had a good experience with Insight Loan Services. I am thankful to insight for the help you guys gave me. My loan was easy and fast. thank you Insigtht\u201d<\/p>\n              <\/div>\n              <div class=\"testimonial-autor-box\">\n                  <div class=\"testimonial-autor\">\n                      <h4 class=\"testimonial-name-1\">Mary O. Randle<\/h4>\n                      <span class=\"testimonial-meta\">Education Loan<\/span> \n                  <\/div>\n              <\/div>\n          <\/div>\n      <\/div>\n       \n    <\/div>\n    [\/vc_column_inner][\/vc_row_inner][\/vc_column][\/vc_row][vc_row css=&#8221;.vc_custom_1504008307463{margin-bottom: 60px !important;}&#8221;][vc_column bgcolor=&#8221;#ffffff&#8221;][vc_row_inner css=&#8221;.vc_custom_1504007966756{padding-top: 80px !important;}&#8221;][vc_column_inner]\t\n\t<h1 style=\"text-align: center;\" > Nous sommes l\u00e0 pour vous aider<\/h1>\t\n[vc_column_text css=&#8221;.vc_custom_1501664967277{margin-bottom: 0px !important;}&#8221;]<\/p>\n<p style=\"text-align: center;\">S\u00e9lectionnez l&#8217;une des options suivantes<\/p>\n<p>[\/vc_column_text][\/vc_column_inner][\/vc_row_inner][vc_row_inner css=&#8221;.vc_custom_1505120382296{padding-right: 40px !important;padding-bottom: 80px !important;padding-left: 40px !important;}&#8221;][vc_column_inner width=&#8221;1\/3&#8243;]  <div class=\"bg-white bg-boxshadow pinside40 outline text-center mb30\">\n    <div class=\"mb40\"><i class=\"icon-calculator-2  icon-2x icon-default\"><\/i><\/div>\n    <h2 class=\"capital-title\">Comparer<\/h2>        <p>Acc\u00e9dez \u00e0 L\u2019UNIQUE COMPARATEUR TEMPOREL!<\/p>    <a class=\"btn-link\" href=\"\/comparateur\/\" title=\"Comparer votre prime\" target=\"_self\">Comparer votre prime<\/a>  <\/div>\n[\/vc_column_inner][vc_column_inner width=&#8221;1\/3&#8243;]  <div class=\"bg-white bg-boxshadow pinside40 outline text-center mb30\">\n    <div class=\"mb40\"><i class=\"icon-phone-call  icon-2x icon-default\"><\/i><\/div>\n    <h2 class=\"capital-title\">Appelez-moi<\/h2>        <p>Vous avez besoin d&#8217;un renseignement? Demandez qu&#8217;on vous t\u00e9l\u00e9phone.<\/p>    <a class=\"btn-link\" href=\"\/contactez-nous\/\" title=\"Demande de rappel \" target=\"_self\">Demande de rappel <\/a>  <\/div>\n[\/vc_column_inner][vc_column_inner width=&#8221;1\/3&#8243;]  <div class=\"bg-white bg-boxshadow pinside40 outline text-center mb30\">\n    <div class=\"mb40\"><i class=\"icon-users  icon-2x icon-default\"><\/i><\/div>\n    <h2 class=\"capital-title\">Nous \u00e9crire<\/h2>        <p>Vous souhaitez nous contacter. Utilisez notre formulaire de contact en ligne.<\/p>    <a class=\"btn-link\" href=\"\/contactez-nous\/\" title=\"Contactez-nous\" target=\"_self\">Contactez-nous<\/a>  <\/div>\n[\/vc_column_inner][\/vc_row_inner][\/vc_column][\/vc_row]<\/p>\n","protected":false},"excerpt":{"rendered":"<p>[vc_row css=&#8221;.vc_custom_1482486406591{margin-top: -40px !important;}&#8221;][vc_column bgcolor=&#8221;#ffffff&#8221;][vc_row_inner css=&#8221;.vc_custom_1482486413093{padding-top: 40px !important;padding-right: 40px !important;padding-bottom: 40px !important;padding-left: 40px !important;}&#8221;][vc_column_inner css=&#8221;.vc_custom_1482117949347{padding-top: 0px !important;}&#8221;][vc_column_text css=&#8221;.vc_custom_1504003949051{margin-bottom: 30px !important;}&#8221;] Le site Index Caution a \u00e9t\u00e9 cr\u00e9\u00e9 pour combler les attentes du march\u00e9 immobilier, bailleurs, agences immobili\u00e8res et locataires y compris. [\/vc_column_text][vc_column_text css=&#8221;.vc_custom_1512077256828{margin-bottom: 20px !important;}&#8221;]Index Caution propose un comparateur unique en son genre. Il permet [&hellip;]<\/p>\n","protected":false},"author":1,"featured_media":0,"parent":0,"menu_order":0,"comment_status":"closed","ping_status":"closed","template":"page-templates\/template-fullwidth.php","meta":{"footnotes":""},"class_list":["post-3215","page","type-page","status-publish","hentry"],"yoast_head":"<!-- This site is optimized with the Yoast SEO Premium plugin v15.6.2 - https:\/\/yoast.com\/wordpress\/plugins\/seo\/ -->\n<title>A proposito di - Comparateur<\/title>\n<meta name=\"robots\" content=\"index, follow, max-snippet:-1, max-image-preview:large, max-video-preview:-1\" \/>\n<link rel=\"canonical\" href=\"https:\/\/www.indexcaution.ch\/comparateur-assurance-garantie-locative\/\" \/>\n<meta property=\"og:locale\" content=\"it_IT\" \/>\n<meta property=\"og:type\" content=\"article\" \/>\n<meta property=\"og:title\" content=\"A proposito di - Comparateur\" \/>\n<meta property=\"og:description\" content=\"[vc_row css=&#8221;.vc_custom_1482486406591{margin-top: -40px !important;}&#8221;][vc_column bgcolor=&#8221;#ffffff&#8221;][vc_row_inner css=&#8221;.vc_custom_1482486413093{padding-top: 40px !important;padding-right: 40px !important;padding-bottom: 40px !important;padding-left: 40px !important;}&#8221;][vc_column_inner css=&#8221;.vc_custom_1482117949347{padding-top: 0px !important;}&#8221;][vc_column_text css=&#8221;.vc_custom_1504003949051{margin-bottom: 30px !important;}&#8221;] Le site Index Caution a \u00e9t\u00e9 cr\u00e9\u00e9 pour combler les attentes du march\u00e9 immobilier, bailleurs, agences immobili\u00e8res et locataires y compris. [\/vc_column_text][vc_column_text css=&#8221;.vc_custom_1512077256828{margin-bottom: 20px !important;}&#8221;]Index Caution propose un comparateur unique en son genre. Il permet [&hellip;]\" \/>\n<meta property=\"og:url\" content=\"https:\/\/www.indexcaution.ch\/comparateur-assurance-garantie-locative\/\" \/>\n<meta property=\"og:site_name\" content=\"Comparateur\" \/>\n<meta property=\"article:publisher\" content=\"https:\/\/www.facebook.com\/indexcaution\/\" \/>\n<meta property=\"article:modified_time\" content=\"2017-12-15T12:11:45+00:00\" \/>\n<meta name=\"twitter:card\" content=\"summary\" \/>\n<meta name=\"twitter:site\" content=\"@Index_Caution\" \/>\n<meta name=\"twitter:label1\" content=\"Tempo di lettura stimato\">\n\t<meta name=\"twitter:data1\" content=\"5 minuti\">\n<script type=\"application\/ld+json\" class=\"yoast-schema-graph\">{\"@context\":\"https:\/\/schema.org\",\"@graph\":[{\"@type\":\"Organization\",\"@id\":\"https:\/\/www.indexcaution.ch\/#organization\",\"name\":\"Index Caution - Comparateur Caution de Loyer\",\"url\":\"https:\/\/www.indexcaution.ch\/\",\"sameAs\":[\"https:\/\/www.facebook.com\/indexcaution\/\",\"https:\/\/www.instagram.com\/indexcaution\/\",\"https:\/\/www.linkedin.com\/company\/index-caution\/\",\"https:\/\/twitter.com\/Index_Caution\"],\"logo\":{\"@type\":\"ImageObject\",\"@id\":\"https:\/\/www.indexcaution.ch\/#logo\",\"inLanguage\":\"it-IT\",\"url\":\"https:\/\/www.indexcaution.ch\/wp-content\/uploads\/2019\/03\/Index-Caution-Logo.png\",\"width\":794,\"height\":353,\"caption\":\"Index Caution - Comparateur Caution de Loyer\"},\"image\":{\"@id\":\"https:\/\/www.indexcaution.ch\/#logo\"}},{\"@type\":\"WebSite\",\"@id\":\"https:\/\/www.indexcaution.ch\/#website\",\"url\":\"https:\/\/www.indexcaution.ch\/\",\"name\":\"Index Caution - Comparateur de garantie de loyer\",\"description\":\"Just another WordPress site\",\"publisher\":{\"@id\":\"https:\/\/www.indexcaution.ch\/#organization\"},\"potentialAction\":[{\"@type\":\"SearchAction\",\"target\":\"https:\/\/www.indexcaution.ch\/?s={search_term_string}\",\"query-input\":\"required name=search_term_string\"}],\"inLanguage\":\"it-IT\"},{\"@type\":\"WebPage\",\"@id\":\"https:\/\/www.indexcaution.ch\/comparateur-assurance-garantie-locative\/#webpage\",\"url\":\"https:\/\/www.indexcaution.ch\/comparateur-assurance-garantie-locative\/\",\"name\":\"A proposito di - Comparateur\",\"isPartOf\":{\"@id\":\"https:\/\/www.indexcaution.ch\/#website\"},\"datePublished\":\"2016-12-19T02:59:58+00:00\",\"dateModified\":\"2017-12-15T12:11:45+00:00\",\"inLanguage\":\"it-IT\",\"potentialAction\":[{\"@type\":\"ReadAction\",\"target\":[\"https:\/\/www.indexcaution.ch\/comparateur-assurance-garantie-locative\/\"]}]}]}<\/script>\n<!-- \/ Yoast SEO Premium plugin. -->","_links":{"self":[{"href":"https:\/\/www.indexcaution.ch\/it\/wp-json\/wp\/v2\/pages\/3215","targetHints":{"allow":["GET"]}}],"collection":[{"href":"https:\/\/www.indexcaution.ch\/it\/wp-json\/wp\/v2\/pages"}],"about":[{"href":"https:\/\/www.indexcaution.ch\/it\/wp-json\/wp\/v2\/types\/page"}],"author":[{"embeddable":true,"href":"https:\/\/www.indexcaution.ch\/it\/wp-json\/wp\/v2\/users\/1"}],"replies":[{"embeddable":true,"href":"https:\/\/www.indexcaution.ch\/it\/wp-json\/wp\/v2\/comments?post=3215"}],"version-history":[{"count":12,"href":"https:\/\/www.indexcaution.ch\/it\/wp-json\/wp\/v2\/pages\/3215\/revisions"}],"predecessor-version":[{"id":3953,"href":"https:\/\/www.indexcaution.ch\/it\/wp-json\/wp\/v2\/pages\/3215\/revisions\/3953"}],"wp:attachment":[{"href":"https:\/\/www.indexcaution.ch\/it\/wp-json\/wp\/v2\/media?parent=3215"}],"curies":[{"name":"wp","href":"https:\/\/api.w.org\/{rel}","templated":true}]}}