{"id":3281,"date":"2017-07-05T12:55:49","date_gmt":"2017-07-05T12:55:49","guid":{"rendered":"https:\/\/www.indexcaution.ch\/swisscaution\/"},"modified":"2024-09-06T14:05:19","modified_gmt":"2024-09-06T14:05:19","slug":"swisscaution-schweizerisches-versicherungsunternehmen","status":"publish","type":"page","link":"https:\/\/www.indexcaution.ch\/de\/swisscaution-schweizerisches-versicherungsunternehmen\/","title":{"rendered":"SwissCaution"},"content":{"rendered":"<p>[vc_row css=&#8221;.vc_custom_1500276215478{margin-top: -50px !important;margin-bottom: 20px !important;border-bottom-width: 5px !important;}&#8221;][vc_column css=&#8221;.vc_custom_1499434215141{border-top-width: 1px !important;border-right-width: 1px !important;border-bottom-width: 1px !important;border-left-width: 1px !important;padding-top: 15px !important;padding-right: 15px !important;padding-bottom: 15px !important;padding-left: 15px !important;border-left-color: #dee7f2 !important;border-left-style: solid !important;border-right-color: #dee7f2 !important;border-right-style: solid !important;border-top-color: #dee7f2 !important;border-top-style: solid !important;border-bottom-color: #dee7f2 !important;border-bottom-style: solid !important;}&#8221; el_class=&#8221;company-header-background&#8221;][vc_row_inner css=&#8221;.vc_custom_1500558440628{padding-right: 15px !important;}&#8221;][vc_column_inner el_class=&#8221;company-logo&#8221; width=&#8221;1\/6&#8243; css=&#8221;.vc_custom_1500554349440{margin-bottom: -35px !important;}&#8221; offset=&#8221;vc_col-lg-2 vc_hidden-md vc_hidden-xs&#8221;][vc_single_image image=&#8221;2148&#8243;][\/vc_column_inner][vc_column_inner width=&#8221;1\/6&#8243; offset=&#8221;vc_col-lg-2 vc_col-md-2 vc_col-xs-2&#8243;]\t\n\t<h1 style=\"text-align: left;\" > SwissCaution <\/h1>\t\n<div class=\"company-general-average\">\n    <h1>\n        3.10    <\/h1>\n    <input class=\"star-rating-property-header rating-loading\" value=\" 3.1\">\n<\/div>\n\n<script type=\"application\/ld+json\">\n    { \n    \"@context\": \"http:\/\/schema.org\",\n    \"@type\": \"Product\",\n    \"name\": \"Garantie de loyer - SwissCaution\",\n    \"aggregateRating\":\n    {\n    \"@type\": \"AggregateRating\",\n    \"ratingValue\": \"3.1\",\n    \"reviewCount\": \"20\",\n    \"worstRating\": \"1\",\n    \"bestRating\": \"5\",\n    \"itemReviewed\": \"Garantie de loyer - SwissCaution\"\n    }\n    }\n<\/script>[\/vc_column_inner][vc_column_inner width=&#8221;2\/3&#8243; offset=&#8221;vc_col-lg-8 vc_col-md-10 vc_col-sm-offset-0 vc_col-xs-10&#8243; css=&#8221;.vc_custom_1500553526214{margin-right: 20px !important;}&#8221;]<div class=\"row content-heart-rating\" style=\"float:right;\">\n    <a id=\"vote-action-1140\" data-company=\"1140\" class=\"vote-action \">\n        <i class=\"fa heart-rate\" aria-hidden=\"true\" id=\"vote-1140\"><\/i>\n        <span class=\"heart-rate-value heart-rate-value-1140\">306<\/span>\n    <\/a>    \n\n    <input autocomplete=\"off\" type=\"hidden\" name=\"votes\" id=\"votes-1140\" value=\"306\">\n    <input autocomplete=\"off\" type=\"hidden\" name=\"voted\" id=\"voted-1140\" value=\"0\">\n    <input autocomplete=\"off\" type=\"hidden\" name=\"page_id\" id=\"page_id-1140\" value=\"1140\">\n<\/div>\n[vc_empty_space height=&#8221;75px&#8221;]<div class=\"row header-rating\">\n                    <div class=\"col-lg-2 col-md-2 col-sm-6 col-xs-6 col-lg-offset-4 col-md-offset-4\">\n                <span class=\"property-value\">Preis<\/span><br>\n                <span class=\"property\">\n                    <div class=\"progress\">\n                        <div class=\"progress-bar\" role=\"progressbar\" aria-valuenow=\"3.125\" aria-valuemin=\"0\" aria-valuemax=\"100\" style=\"width:62.5%\">                        <\/div>\n                    <\/div>\n                <\/span>\n            <\/div>\n        \n                        <div class=\"col-lg-2 col-md-2 col-sm-6 col-xs-6\">\n                <span class=\"property-value\">Kundendienst<\/span><br>\n                <span class=\"property\">\n                    <div class=\"progress\">\n                        <div class=\"progress-bar\" role=\"progressbar\" aria-valuenow=\"3\" aria-valuemin=\"0\" aria-valuemax=\"100\" style=\"width:60%\">                        <\/div>\n                    <\/div>\n                <\/span>\n            <\/div>\n        \n                        <div class=\"col-lg-2 col-md-2 col-sm-6 col-xs-6\">\n                <span class=\"property-value\">Rasches Reagieren<\/span><br>\n                <span class=\"property\">\n                    <div class=\"progress\">\n                        <div class=\"progress-bar\" role=\"progressbar\" aria-valuenow=\"3.05\" aria-valuemin=\"0\" aria-valuemax=\"100\" style=\"width:61%\">                        <\/div>\n                    <\/div>\n                <\/span>\n            <\/div>\n        \n                        <div class=\"col-lg-2 col-md-2 col-sm-6 col-xs-6\">\n                <span class=\"property-value\">Image<\/span><br>\n                <span class=\"property\">\n                    <div class=\"progress\">\n                        <div class=\"progress-bar\" role=\"progressbar\" aria-valuenow=\"3.225\" aria-valuemin=\"0\" aria-valuemax=\"100\" style=\"width:64.5%\">                        <\/div>\n                    <\/div>\n                <\/span>\n            <\/div>\n        \n            <\/div>[\/vc_column_inner][\/vc_row_inner][\/vc_column][\/vc_row][vc_row][vc_column width=&#8221;2\/3&#8243; el_class=&#8221;add-gap-one&#8221; css=&#8221;.vc_custom_1500284354356{margin-bottom: 20px !important;}&#8221;][vc_row_inner css=&#8221;.vc_custom_1500621744605{margin-bottom: 20px !important;}&#8221;][vc_column_inner css=&#8221;.vc_custom_1500024874291{border-top-width: 1px !important;border-right-width: 1px !important;border-bottom-width: 1px !important;border-left-width: 1px !important;padding-right: 30px !important;padding-bottom: 20px !important;padding-left: 30px !important;background-color: #ffffff !important;border-left-color: #dee7f2 !important;border-left-style: solid !important;border-right-color: #dee7f2 !important;border-right-style: solid !important;border-top-color: #dee7f2 !important;border-top-style: solid !important;border-bottom-color: #dee7f2 !important;border-bottom-style: solid !important;}&#8221;]\t\n\t<h1 style=\"text-align: left;\" > SC, SWISSCAUTION SA<\/h1>\t\n[vc_separator][vc_column_text]<\/p>\n<p style=\"text-align: left; font-weight: inherit; line-height: inherit;\">Die 1991 gegr\u00fcndete SwissCaution ist die &#8211; historisch gesehen &#8211; erste Versicherungsgesellschaft, die f\u00fcr Einzelpersonen und Gewerbetreibende Mietkautionsgarantien anbietet, die mit keiner Hinterlegung von Kapital bei der Bank verbunden sind.<\/p>\n<p style=\"text-align: left; font-weight: inherit; line-height: inherit;\">SwissCaution ist der f\u00fchrende Anbieter f\u00fcr Mietzinsgarantien in der Schweiz:<\/p>\n<ul style=\"text-align: left; font-weight: inherit; line-height: inherit;\">\n<li>die Metzinsversicherungen betragen mehr als 800 Millionen Schweizer Franken ;<\/li>\n<li>mehr als 190.000 Kunden sind Vertragspartner mit 3 Milliarden CHF j\u00e4hrlicher Mietzahlungen;<\/li>\n<li>in jedem Jahr z\u00e4hlen wir mehr als 45.000 neue Kunden.<\/li>\n<\/ul>\n<p style=\"text-align: left; font-weight: inherit; line-height: inherit;\">SwissCaution ist von der Eidgen\u00f6ssischen Finanzmarktaufsicht FINMA zugelassen.<\/p>\n<p style=\"text-align: left; font-weight: inherit; line-height: inherit;\">Quelle: Website Swisscaution<\/p>\n<p>[\/vc_column_text][\/vc_column_inner][\/vc_row_inner][vc_row_inner][vc_column_inner css=&#8221;.vc_custom_1500024874291{border-top-width: 1px !important;border-right-width: 1px !important;border-bottom-width: 1px !important;border-left-width: 1px !important;padding-right: 30px !important;padding-bottom: 20px !important;padding-left: 30px !important;background-color: #ffffff !important;border-left-color: #dee7f2 !important;border-left-style: solid !important;border-right-color: #dee7f2 !important;border-right-style: solid !important;border-top-color: #dee7f2 !important;border-top-style: solid !important;border-bottom-color: #dee7f2 !important;border-bottom-style: solid !important;}&#8221;]\t\n\t<h1 style=\"text-align: left;\" > Die Meinungen der Kunden<\/h1>\t\n[vc_separator][\/vc_column_inner][\/vc_row_inner][\/vc_column][vc_column width=&#8221;1\/3&#8243; el_class=&#8221;add-gap-two&#8221;][vc_row_inner css=&#8221;.vc_custom_1500027601540{margin-bottom: 20px !important;}&#8221;][vc_column_inner css=&#8221;.vc_custom_1500275705717{border-top-width: 1px !important;border-right-width: 1px !important;border-bottom-width: 1px !important;border-left-width: 1px !important;padding-right: 30px !important;padding-bottom: 20px !important;padding-left: 30px !important;background-color: #ffffff !important;border-left-color: #dee7f2 !important;border-left-style: solid !important;border-right-color: #dee7f2 !important;border-right-style: solid !important;border-top-color: #dee7f2 !important;border-top-style: solid !important;border-bottom-color: #dee7f2 !important;border-bottom-style: solid !important;}&#8221;]\t\n\t<h1 style=\"text-align: left;\" > Contact<\/h1>\t\n[vc_separator css=&#8221;.vc_custom_1503305500694{margin-bottom: 15px !important;}&#8221;][vc_raw_html]JTNDZGl2JTIwY2xhc3MlM0QlMjJjb2wteHMtMiUyMiUzRSUzQ2klMjBjbGFzcyUzRCUyMmZhJTIwZmEtZ2xvYmUlMjIlMjBhcmlhLWhpZGRlbiUzRCUyMnRydWUlMjIlMjBzdHlsZSUzRCUyMmNvbG9yJTNBJTIzY2JkNGRlJTNCJTIwZm9udC1zaXplJTNBeC1sYXJnZSUyMiUzRSUzQyUyRmklM0UlM0MlMkZkaXYlM0UlMEElM0NkaXYlMjBjbGFzcyUzRCUyMmNvbC14cy0xMCUyMiUzRSUzQ2ElMjB0YXJnZXQlM0QlMjJfYmxhbmslMjIlMjBocmVmJTNEJTIyaHR0cHMlM0ElMkYlMkZ3d3cuc3dpc3NjYXV0aW9uLmNoJTJGJTIyJTNFJTNDc3BhbiUyMHN0eWxlJTNEJTIyZm9udC1zaXplJTNBbGFyZ2UlMjIlM0V3d3cuc3dpc3NjYXV0aW9uLmNoJTNDJTJGc3BhbiUzRSUzQyUyRmElM0UlM0MlMkZkaXYlM0U=[\/vc_raw_html][\/vc_column_inner][\/vc_row_inner][vc_row_inner css=&#8221;.vc_custom_1500027625321{margin-bottom: 20px !important;}&#8221;][vc_column_inner el_class=&#8221;company-map&#8221; css=&#8221;.vc_custom_1500275721493{border-top-width: 1px !important;border-right-width: 1px !important;border-bottom-width: 1px !important;border-left-width: 1px !important;padding-right: 30px !important;padding-bottom: 10px !important;padding-left: 30px !important;background-color: #ffffff !important;border-left-color: #dee7f2 !important;border-left-style: solid !important;border-right-color: #dee7f2 !important;border-right-style: solid !important;border-top-color: #dee7f2 !important;border-top-style: solid !important;border-bottom-color: #dee7f2 !important;border-bottom-style: solid !important;}&#8221;]    <div class=\"map\" id=\"googleMap\"><\/div>\n    <script type=\"text\/javascript\">\n     \n    (function($) { \"use strict\";\n    \n    \/\/set your google maps parameters\n\n    $(document).ready(function(){\n        var myLatLng = {\n            lat: 46.547384,\n            lng: 6.565028        };\n\n        var map = new google.maps.Map(document.getElementById('googleMap'), {\n            zoom: 12,\n            center: myLatLng,\n            scrollwheel: false,\n\n        });\n        var image = '';\n        var marker = new google.maps.Marker({\n            position: myLatLng,\n            map: map,\n            icon: image,\n            title: 'Hello World!'\n\n        }); \n    });\n\n})(jQuery); \n    <\/script>\n\n    \t\n\t<h4 class= \"company-address\" style=\"text-align: left;color: #778191;margin-top: 10px;\" > Route de Renens 1 Case postale 480 1030 Bussigny<\/h4>\t\n[\/vc_column_inner][\/vc_row_inner][\/vc_column][\/vc_row]<\/p>\n","protected":false},"excerpt":{"rendered":"<p>Fond\u00e9e en 1991, SwissCaution est la premi\u00e8re compagnie d\u2019assurance \u00e0 proposer une garantie de loyer sans d\u00e9p\u00f4t bancaire.<\/p>\n","protected":false},"author":1,"featured_media":2150,"parent":0,"menu_order":0,"comment_status":"open","ping_status":"closed","template":"page-templates\/template-fullwidth.php","meta":{"footnotes":""},"class_list":["post-3281","page","type-page","status-publish","has-post-thumbnail","hentry"],"yoast_head":"<!-- This site is optimized with the Yoast SEO Premium plugin v15.6.2 - https:\/\/yoast.com\/wordpress\/plugins\/seo\/ -->\n<title>SwissCaution - Comparateur<\/title>\n<meta name=\"robots\" content=\"index, follow, max-snippet:-1, max-image-preview:large, max-video-preview:-1\" \/>\n<link rel=\"canonical\" href=\"https:\/\/www.indexcaution.ch\/de\/swisscaution-schweizerisches-versicherungsunternehmen\/\" \/>\n<meta property=\"og:locale\" content=\"de_DE\" \/>\n<meta property=\"og:type\" content=\"article\" \/>\n<meta property=\"og:title\" content=\"SwissCaution - Comparateur\" \/>\n<meta property=\"og:description\" content=\"Fond\u00e9e en 1991, SwissCaution est la premi\u00e8re compagnie d\u2019assurance \u00e0 proposer une garantie de loyer sans d\u00e9p\u00f4t bancaire.\" \/>\n<meta property=\"og:url\" content=\"https:\/\/www.indexcaution.ch\/de\/swisscaution-schweizerisches-versicherungsunternehmen\/\" \/>\n<meta property=\"og:site_name\" content=\"Comparateur\" \/>\n<meta property=\"article:publisher\" content=\"https:\/\/www.facebook.com\/indexcaution\/\" \/>\n<meta property=\"article:modified_time\" content=\"2024-09-06T14:05:19+00:00\" \/>\n<meta property=\"og:image\" content=\"https:\/\/www.indexcaution.ch\/wp-content\/uploads\/2017\/07\/Swisscaution-1.png\" \/>\n\t<meta property=\"og:image:width\" content=\"512\" \/>\n\t<meta property=\"og:image:height\" content=\"512\" \/>\n<meta name=\"twitter:card\" content=\"summary\" \/>\n<meta name=\"twitter:site\" content=\"@Index_Caution\" \/>\n<meta name=\"twitter:label1\" content=\"Gesch\u00e4tzte Lesezeit\">\n\t<meta name=\"twitter:data1\" content=\"4\u00a0Minuten\">\n<script type=\"application\/ld+json\" class=\"yoast-schema-graph\">{\"@context\":\"https:\/\/schema.org\",\"@graph\":[{\"@type\":\"Organization\",\"@id\":\"https:\/\/www.indexcaution.ch\/#organization\",\"name\":\"Index Caution - Comparateur Caution de Loyer\",\"url\":\"https:\/\/www.indexcaution.ch\/\",\"sameAs\":[\"https:\/\/www.facebook.com\/indexcaution\/\",\"https:\/\/www.instagram.com\/indexcaution\/\",\"https:\/\/www.linkedin.com\/company\/index-caution\/\",\"https:\/\/twitter.com\/Index_Caution\"],\"logo\":{\"@type\":\"ImageObject\",\"@id\":\"https:\/\/www.indexcaution.ch\/#logo\",\"inLanguage\":\"de\",\"url\":\"https:\/\/www.indexcaution.ch\/wp-content\/uploads\/2019\/03\/Index-Caution-Logo.png\",\"width\":794,\"height\":353,\"caption\":\"Index Caution - Comparateur Caution de Loyer\"},\"image\":{\"@id\":\"https:\/\/www.indexcaution.ch\/#logo\"}},{\"@type\":\"WebSite\",\"@id\":\"https:\/\/www.indexcaution.ch\/#website\",\"url\":\"https:\/\/www.indexcaution.ch\/\",\"name\":\"Index Caution - Comparateur de garantie de loyer\",\"description\":\"Just another WordPress site\",\"publisher\":{\"@id\":\"https:\/\/www.indexcaution.ch\/#organization\"},\"potentialAction\":[{\"@type\":\"SearchAction\",\"target\":\"https:\/\/www.indexcaution.ch\/?s={search_term_string}\",\"query-input\":\"required name=search_term_string\"}],\"inLanguage\":\"de\"},{\"@type\":\"ImageObject\",\"@id\":\"https:\/\/www.indexcaution.ch\/de\/swisscaution-schweizerisches-versicherungsunternehmen\/#primaryimage\",\"inLanguage\":\"de\",\"url\":\"https:\/\/www.indexcaution.ch\/wp-content\/uploads\/2017\/07\/Swisscaution-1.png\",\"width\":512,\"height\":512},{\"@type\":\"WebPage\",\"@id\":\"https:\/\/www.indexcaution.ch\/de\/swisscaution-schweizerisches-versicherungsunternehmen\/#webpage\",\"url\":\"https:\/\/www.indexcaution.ch\/de\/swisscaution-schweizerisches-versicherungsunternehmen\/\",\"name\":\"SwissCaution - Comparateur\",\"isPartOf\":{\"@id\":\"https:\/\/www.indexcaution.ch\/#website\"},\"primaryImageOfPage\":{\"@id\":\"https:\/\/www.indexcaution.ch\/de\/swisscaution-schweizerisches-versicherungsunternehmen\/#primaryimage\"},\"datePublished\":\"2017-07-05T12:55:49+00:00\",\"dateModified\":\"2024-09-06T14:05:19+00:00\",\"inLanguage\":\"de\",\"potentialAction\":[{\"@type\":\"ReadAction\",\"target\":[\"https:\/\/www.indexcaution.ch\/de\/swisscaution-schweizerisches-versicherungsunternehmen\/\"]}]}]}<\/script>\n<!-- \/ Yoast SEO Premium plugin. -->","_links":{"self":[{"href":"https:\/\/www.indexcaution.ch\/de\/wp-json\/wp\/v2\/pages\/3281","targetHints":{"allow":["GET"]}}],"collection":[{"href":"https:\/\/www.indexcaution.ch\/de\/wp-json\/wp\/v2\/pages"}],"about":[{"href":"https:\/\/www.indexcaution.ch\/de\/wp-json\/wp\/v2\/types\/page"}],"author":[{"embeddable":true,"href":"https:\/\/www.indexcaution.ch\/de\/wp-json\/wp\/v2\/users\/1"}],"replies":[{"embeddable":true,"href":"https:\/\/www.indexcaution.ch\/de\/wp-json\/wp\/v2\/comments?post=3281"}],"version-history":[{"count":3,"href":"https:\/\/www.indexcaution.ch\/de\/wp-json\/wp\/v2\/pages\/3281\/revisions"}],"predecessor-version":[{"id":3938,"href":"https:\/\/www.indexcaution.ch\/de\/wp-json\/wp\/v2\/pages\/3281\/revisions\/3938"}],"wp:featuredmedia":[{"embeddable":true,"href":"https:\/\/www.indexcaution.ch\/de\/wp-json\/wp\/v2\/media\/2150"}],"wp:attachment":[{"href":"https:\/\/www.indexcaution.ch\/de\/wp-json\/wp\/v2\/media?parent=3281"}],"curies":[{"name":"wp","href":"https:\/\/api.w.org\/{rel}","templated":true}]}}