{"id":3214,"date":"2016-12-19T02:59:58","date_gmt":"2016-12-19T02:59:58","guid":{"rendered":"https:\/\/www.indexcaution.ch\/a-propos\/"},"modified":"2024-09-06T08:07:20","modified_gmt":"2024-09-06T08:07:20","slug":"ueber-uns","status":"publish","type":"page","link":"https:\/\/www.indexcaution.ch\/de\/ueber-uns\/","title":{"rendered":"\u00dcber uns"},"content":{"rendered":"<p>[vc_row css=&#8221;.vc_custom_1482486406591{margin-top: -40px !important;}&#8221;][vc_column bgcolor=&#8221;#ffffff&#8221;][vc_row_inner css=&#8221;.vc_custom_1482486413093{padding-top: 40px !important;padding-right: 40px !important;padding-bottom: 40px !important;padding-left: 40px !important;}&#8221;][vc_column_inner css=&#8221;.vc_custom_1482117949347{padding-top: 0px !important;}&#8221;]\t\n\t<h1 style=\"margin-bottom: 30px;\" > Index Caution<\/h1>\t\n[vc_column_text css=&#8221;.vc_custom_1508594642987{margin-bottom: 30px !important;}&#8221;]<\/p>\n<p class=\"lead\">Die Website Index Caution wurde eingerichtet, um den W\u00fcnschen der Immobilien-Marktteilnehmer, der Vermieter, Immobilien-Agenturen und auch der Vermieter zu entsprechen.<\/p>\n<p>[\/vc_column_text][vc_column_text css=&#8221;.vc_custom_1508594688729{margin-bottom: 20px !important;}&#8221;]Index Caution bietet einen in seiner Art einzigartigen Vergleichsrechner an. Auf diesem kann der Nutzer einen Mietzeitraum f\u00fcr eine bestimmte Immobilie eingeben und somit seine Kosten berechnen, die bei einer bestimmten Mietkautiongarantie auf Dauer anfallen.<\/p>\n<p>Unter Ber\u00fccksichtigung, dass die durchschnittliche Dauer eines Mietverh\u00e4ltnisses f\u00fcr Wohnzwecke in der Schweiz 8 Jahre betr\u00e4gt, kann man mittels weniger Mausklicks auf Index Caution den von unterschiedlichen Dienstleistern angebotenen Gesamtbetrag der Kautionspr\u00e4mien bez\u00fcglich eines gew\u00fcnschten Mietzeitraums errechnen.<\/p>\n<p>Unsere Berechnungen ber\u00fccksichtigen diejenigen Daten, die den Allgemeinen Gesch\u00e4ftsbedingungen der Versicherungsgesellschaften, die Mietkautionsgarantien anbieten, entnommen wurden. Durch st\u00e4ndige Marktbeobachtung kann eine h\u00e4ufige Aktualisierung dieser Daten &#8211; allerdings ohne rechtliche Gew\u00e4hrleistung &#8211; erfolgen.<\/p>\n<p>Auf die Website Index Caution werden Daten aus mehreren Rubriken gestellt, in Verbindung mit der Mietkautionsgarantie und dem Immobilienmarkt. Wir bitten Sie, sich \u00fcber diese zu informieren.<\/p>\n<p>Alles Ihrer Kaution zuliebe![\/vc_column_text][\/vc_column_inner][\/vc_row_inner][\/vc_column][\/vc_row][vc_row][vc_column bgcolor=&#8221;#eff1f4&#8243;][vc_row_inner css=&#8221;.vc_custom_1482486429390{padding-top: 120px !important;padding-right: 60px !important;padding-bottom: 120px !important;padding-left: 60px !important;}&#8221;][vc_column_inner width=&#8221;1\/3&#8243;]  <div class=\"text-center mb30\">\n      <div class=\"icon\"> <i class=\"icon-4x icon-umbrella icon-default\"><\/i>      <h1 class=\"big-title\">6<\/h1>      <div class=\"small-title\">Mietkautions-Gesellschaften, die verglichen werden sollen<\/div>      <\/div>  <\/div>\n[\/vc_column_inner][vc_column_inner width=&#8221;1\/3&#8243;]  <div class=\"text-center mb30\">\n      <div class=\"icon\"> <i class=\"icon-4x icon-piggy-bank icon-default\"><\/i>      <h1 class=\"big-title\">35%<\/h1>      <div class=\"small-title\">Durchschnittliche Einsparung<\/div>      <\/div>  <\/div>\n[\/vc_column_inner][vc_column_inner width=&#8221;1\/3&#8243;]  <div class=\"text-center mb30\">\n      <div class=\"icon\"> <i class=\"icon-4x  icon-like icon-default\"><\/i>      <h1 class=\"big-title\">100%<\/h1>      <div class=\"small-title\">Gratis und transparent<\/div>      <\/div>  <\/div>\n[\/vc_column_inner][\/vc_row_inner][\/vc_column][\/vc_row][vc_row][vc_column bgcolor=&#8221;#ffffff&#8221;][vc_row_inner css=&#8221;.vc_custom_1504007323758{padding-top: 80px !important;padding-right: 40px !important;padding-bottom: 40px !important;padding-left: 40px !important;}&#8221;][vc_column_inner]\t\n\t<h1 style=\"text-align: center;\" > Wie funktioniert es?<\/h1>\t\n[vc_column_text css=&#8221;.vc_custom_1508594739429{margin-bottom: 0px !important;}&#8221;]<\/p>\n<p style=\"text-align: center;\">Sie k\u00f6nnen mittels Index Caution die Pr\u00e4mien unterschiedlicher Mietkautions-Gesellschaften vergleichen und erhalten direkten Zugriff auf den Dienstleister Ihrer Wahl.<\/p>\n<p>[\/vc_column_text][\/vc_column_inner][\/vc_row_inner][vc_row_inner css=&#8221;.vc_custom_1504007124738{padding-top: 40px !important;padding-right: 40px !important;padding-bottom: 20px !important;padding-left: 40px !important;}&#8221;][vc_column_inner width=&#8221;1\/3&#8243;]  <div class=\"bg-white pinside40 number-block outline mb60 bg-boxshadow\">\n      <div class=\"circle\"><span class=\"number\">1<\/span><\/div>      <h3 class=\"number-title\">Ihr Kautionsbetrag<\/h3>      <p>Geben Sie bitte Ihren Mietkautionsbetrag an und vergleichen Sie die Pr\u00e4mie unterschiedlicher Gesellschaften.<br \/>\n<\/p>  <\/div>\n[\/vc_column_inner][vc_column_inner width=&#8221;1\/3&#8243;]  <div class=\"bg-white pinside40 number-block outline mb60 bg-boxshadow\">\n      <div class=\"circle\"><span class=\"number\">2<\/span><\/div>      <h3 class=\"number-title\">Auswahl der Anbieter<\/h3>      <p>Die Mietkautions-Gesellschaften berechnen ihre Dienstleistungen auf unterschiedliche Weise.<br \/>\n<\/p>  <\/div>\n[\/vc_column_inner][vc_column_inner width=&#8221;1\/3&#8243;]  <div class=\"bg-white pinside40 number-block outline mb60 bg-boxshadow\">\n      <div class=\"circle\"><span class=\"number\">3<\/span><\/div>      <h3 class=\"number-title\">Melden Sie sich an.<\/h3>      <p>Mit Index Caution erhalten Sie direkten Zugriff auf den Dienstleister Ihrer Wahl.<br \/>\n<\/p>  <\/div>\n[\/vc_column_inner][\/vc_row_inner][vc_row_inner css=&#8221;.vc_custom_1504007335381{padding-bottom: 80px !important;}&#8221; el_class=&#8221;text-center&#8221;][vc_column_inner]    <a href=\"\/de\/vergleichsrechner\/\" class=\"btn btn-default \">Vergleichen Sie Ihre Pr\u00e4mie.<\/a>\n  [\/vc_column_inner][\/vc_row_inner][\/vc_column][\/vc_row][vc_row][vc_column bgcolor=&#8221;#eff1f4&#8243;][vc_row_inner disable_element=&#8221;yes&#8221; css=&#8221;.vc_custom_1511990177719{padding-top: 80px !important;padding-right: 40px !important;padding-bottom: 80px !important;padding-left: 40px !important;}&#8221;][vc_column_inner]\t\n\t<h1 style=\"text-align: center;\" > Erfahrungsberichte unserer Nutzer<\/h1>\t\n[vc_column_text css=&#8221;.vc_custom_1508594816655{margin-bottom: 60px !important;}&#8221;]<\/p>\n<p style=\"text-align: center;\">Eine Auswahl von Erfahrungsberichten derjenigen Personen, die den Vergleichsrechner Index Caution benutzt haben.<\/p>\n<p>[\/vc_column_text]      <div class=\"row isotope\">\n      \n      <div class=\"col-md-6 col-sm-6 clearfix col-xs-12 gallery-masonry\">\n          <div class=\"testimonial-block mb30 text-center\">\n              <div class=\"mb20 testimonial-img-1\"> <img decoding=\"async\" src=\"https:\/\/www.indexcaution.ch\/wp-content\/uploads\/2016\/12\/Index_Caution_icon.png\" class=\"img-circle\" alt=\"\"> <\/div>\n              <div class=\"mb20\">\n                  <p class=\"testimonial-text\">\u201cI loved the customer service you guys provided me. That was very nice and patient with questions I had. I would really like definitely come back here\u201d<\/p>\n              <\/div>\n              <div class=\"testimonial-autor-box\">\n                  <div class=\"testimonial-autor\">\n                      <h4 class=\"testimonial-name-1\">Donny J. Griffin<\/h4>\n                      <span class=\"testimonial-meta\">Personal Loan<\/span> \n                  <\/div>\n              <\/div>\n          <\/div>\n      <\/div>\n      \n      <div class=\"col-md-6 col-sm-6 clearfix col-xs-12 gallery-masonry\">\n          <div class=\"testimonial-block mb30 text-center\">\n              <div class=\"mb20 testimonial-img-1\"> <img decoding=\"async\" src=\"https:\/\/www.indexcaution.ch\/wp-content\/uploads\/2016\/12\/Index_Caution_icon.png\" class=\"img-circle\" alt=\"\"> <\/div>\n              <div class=\"mb20\">\n                  <p class=\"testimonial-text\">\u201cI had a good experience with Insight Loan Services. I am thankful to insight for the help you guys gave me. My loan was easy and fast. thank you Insigtht\u201d<\/p>\n              <\/div>\n              <div class=\"testimonial-autor-box\">\n                  <div class=\"testimonial-autor\">\n                      <h4 class=\"testimonial-name-1\">Mary O. Randle<\/h4>\n                      <span class=\"testimonial-meta\">Education Loan<\/span> \n                  <\/div>\n              <\/div>\n          <\/div>\n      <\/div>\n       \n    <\/div>\n    [\/vc_column_inner][\/vc_row_inner][\/vc_column][\/vc_row][vc_row css=&#8221;.vc_custom_1504008307463{margin-bottom: 60px !important;}&#8221;][vc_column bgcolor=&#8221;#ffffff&#8221;][vc_row_inner css=&#8221;.vc_custom_1504007966756{padding-top: 80px !important;}&#8221;][vc_column_inner]\t\n\t<h1 style=\"text-align: center;\" > Wir stehen bereit, um Ihnen zu helfen<\/h1>\t\n[vc_column_text css=&#8221;.vc_custom_1508594841131{margin-bottom: 0px !important;}&#8221;]<\/p>\n<p style=\"text-align: center;\">W\u00e4hlen Sie eine der folgenden Optionen aus<\/p>\n<p>[\/vc_column_text][\/vc_column_inner][\/vc_row_inner][vc_row_inner css=&#8221;.vc_custom_1505120382296{padding-right: 40px !important;padding-bottom: 80px !important;padding-left: 40px !important;}&#8221;][vc_column_inner width=&#8221;1\/3&#8243;]  <div class=\"bg-white bg-boxshadow pinside40 outline text-center mb30\">\n    <div class=\"mb40\"><i class=\"icon-calculator-2  icon-2x icon-default\"><\/i><\/div>\n    <h2 class=\"capital-title\">VERGLEICHEN<\/h2>        <p>Nutzen Sie den EINZIGARTIGEN VERGLEICHSRECHNER MIT ZEITLICHER BERECHNUNG<\/p>    <a class=\"btn-link\" href=\"\/de\/vergleichsrechner\/\" title=\"Vergleichen Sie Ihre Pr\u00e4mie\" target=\"_self\">Vergleichen Sie Ihre Pr\u00e4mie<\/a>  <\/div>\n[\/vc_column_inner][vc_column_inner width=&#8221;1\/3&#8243;]  <div class=\"bg-white bg-boxshadow pinside40 outline text-center mb30\">\n    <div class=\"mb40\"><i class=\"icon-phone-call  icon-2x icon-default\"><\/i><\/div>\n    <h2 class=\"capital-title\">RUFEN SIE MICH BITTE AN <\/h2>        <p>Ben\u00f6tigen Sie eine Information? Bitten Sie darum, dass man Sie anruft.<\/p>    <a class=\"btn-link\" href=\"\/de\/kontakt\/\" title=\"Bitte um R\u00fcckruf\" target=\"_self\">Bitte um R\u00fcckruf<\/a>  <\/div>\n[\/vc_column_inner][vc_column_inner width=&#8221;1\/3&#8243;]  <div class=\"bg-white bg-boxshadow pinside40 outline text-center mb30\">\n    <div class=\"mb40\"><i class=\"icon-users  icon-2x icon-default\"><\/i><\/div>\n    <h2 class=\"capital-title\">UNS SCHREIBEN<\/h2>        <p>Sie m\u00f6chte sich an uns wenden. Bitte benutzen Sie das Online-Kontaktblatt.<\/p>    <a class=\"btn-link\" href=\"\/de\/kontakt\/\" title=\"Kontaktieren Sie uns\" target=\"_self\">Kontaktieren Sie uns<\/a>  <\/div>\n[\/vc_column_inner][\/vc_row_inner][\/vc_column][\/vc_row]<\/p>\n","protected":false},"excerpt":{"rendered":"<p>[vc_row css=&#8221;.vc_custom_1482486406591{margin-top: -40px !important;}&#8221;][vc_column bgcolor=&#8221;#ffffff&#8221;][vc_row_inner css=&#8221;.vc_custom_1482486413093{padding-top: 40px !important;padding-right: 40px !important;padding-bottom: 40px !important;padding-left: 40px !important;}&#8221;][vc_column_inner css=&#8221;.vc_custom_1482117949347{padding-top: 0px !important;}&#8221;][vc_column_text css=&#8221;.vc_custom_1508594642987{margin-bottom: 30px !important;}&#8221;] Die Website Index Caution wurde eingerichtet, um den W\u00fcnschen der Immobilien-Marktteilnehmer, der Vermieter, Immobilien-Agenturen und auch der Vermieter zu entsprechen. [\/vc_column_text][vc_column_text css=&#8221;.vc_custom_1508594688729{margin-bottom: 20px !important;}&#8221;]Index Caution bietet einen in seiner Art einzigartigen Vergleichsrechner an. Auf diesem [&hellip;]<\/p>\n","protected":false},"author":1,"featured_media":0,"parent":0,"menu_order":0,"comment_status":"closed","ping_status":"closed","template":"page-templates\/template-fullwidth.php","meta":{"footnotes":""},"class_list":["post-3214","page","type-page","status-publish","hentry"],"yoast_head":"<!-- This site is optimized with the Yoast SEO Premium plugin v15.6.2 - https:\/\/yoast.com\/wordpress\/plugins\/seo\/ -->\n<title>\u00dcber uns - Comparateur<\/title>\n<meta name=\"robots\" content=\"index, follow, max-snippet:-1, max-image-preview:large, max-video-preview:-1\" \/>\n<link rel=\"canonical\" href=\"https:\/\/www.indexcaution.ch\/de\/ueber-uns\/\" \/>\n<meta property=\"og:locale\" content=\"de_DE\" \/>\n<meta property=\"og:type\" content=\"article\" \/>\n<meta property=\"og:title\" content=\"\u00dcber uns - Comparateur\" \/>\n<meta property=\"og:description\" content=\"[vc_row css=&#8221;.vc_custom_1482486406591{margin-top: -40px !important;}&#8221;][vc_column bgcolor=&#8221;#ffffff&#8221;][vc_row_inner css=&#8221;.vc_custom_1482486413093{padding-top: 40px !important;padding-right: 40px !important;padding-bottom: 40px !important;padding-left: 40px !important;}&#8221;][vc_column_inner css=&#8221;.vc_custom_1482117949347{padding-top: 0px !important;}&#8221;][vc_column_text css=&#8221;.vc_custom_1508594642987{margin-bottom: 30px !important;}&#8221;] Die Website Index Caution wurde eingerichtet, um den W\u00fcnschen der Immobilien-Marktteilnehmer, der Vermieter, Immobilien-Agenturen und auch der Vermieter zu entsprechen. [\/vc_column_text][vc_column_text css=&#8221;.vc_custom_1508594688729{margin-bottom: 20px !important;}&#8221;]Index Caution bietet einen in seiner Art einzigartigen Vergleichsrechner an. Auf diesem [&hellip;]\" \/>\n<meta property=\"og:url\" content=\"https:\/\/www.indexcaution.ch\/de\/ueber-uns\/\" \/>\n<meta property=\"og:site_name\" content=\"Comparateur\" \/>\n<meta property=\"article:publisher\" content=\"https:\/\/www.facebook.com\/indexcaution\/\" \/>\n<meta property=\"article:modified_time\" content=\"2024-09-06T08:07:20+00:00\" \/>\n<meta name=\"twitter:card\" content=\"summary\" \/>\n<meta name=\"twitter:site\" content=\"@Index_Caution\" \/>\n<meta name=\"twitter:label1\" content=\"Gesch\u00e4tzte Lesezeit\">\n\t<meta name=\"twitter:data1\" content=\"5\u00a0Minuten\">\n<script type=\"application\/ld+json\" class=\"yoast-schema-graph\">{\"@context\":\"https:\/\/schema.org\",\"@graph\":[{\"@type\":\"Organization\",\"@id\":\"https:\/\/www.indexcaution.ch\/#organization\",\"name\":\"Index Caution - Comparateur Caution de Loyer\",\"url\":\"https:\/\/www.indexcaution.ch\/\",\"sameAs\":[\"https:\/\/www.facebook.com\/indexcaution\/\",\"https:\/\/www.instagram.com\/indexcaution\/\",\"https:\/\/www.linkedin.com\/company\/index-caution\/\",\"https:\/\/twitter.com\/Index_Caution\"],\"logo\":{\"@type\":\"ImageObject\",\"@id\":\"https:\/\/www.indexcaution.ch\/#logo\",\"inLanguage\":\"de\",\"url\":\"https:\/\/www.indexcaution.ch\/wp-content\/uploads\/2019\/03\/Index-Caution-Logo.png\",\"width\":794,\"height\":353,\"caption\":\"Index Caution - Comparateur Caution de Loyer\"},\"image\":{\"@id\":\"https:\/\/www.indexcaution.ch\/#logo\"}},{\"@type\":\"WebSite\",\"@id\":\"https:\/\/www.indexcaution.ch\/#website\",\"url\":\"https:\/\/www.indexcaution.ch\/\",\"name\":\"Index Caution - Comparateur de garantie de loyer\",\"description\":\"Just another WordPress site\",\"publisher\":{\"@id\":\"https:\/\/www.indexcaution.ch\/#organization\"},\"potentialAction\":[{\"@type\":\"SearchAction\",\"target\":\"https:\/\/www.indexcaution.ch\/?s={search_term_string}\",\"query-input\":\"required name=search_term_string\"}],\"inLanguage\":\"de\"},{\"@type\":\"WebPage\",\"@id\":\"https:\/\/www.indexcaution.ch\/de\/ueber-uns\/#webpage\",\"url\":\"https:\/\/www.indexcaution.ch\/de\/ueber-uns\/\",\"name\":\"\\u00dcber uns - Comparateur\",\"isPartOf\":{\"@id\":\"https:\/\/www.indexcaution.ch\/#website\"},\"datePublished\":\"2016-12-19T02:59:58+00:00\",\"dateModified\":\"2024-09-06T08:07:20+00:00\",\"inLanguage\":\"de\",\"potentialAction\":[{\"@type\":\"ReadAction\",\"target\":[\"https:\/\/www.indexcaution.ch\/de\/ueber-uns\/\"]}]}]}<\/script>\n<!-- \/ Yoast SEO Premium plugin. -->","_links":{"self":[{"href":"https:\/\/www.indexcaution.ch\/de\/wp-json\/wp\/v2\/pages\/3214","targetHints":{"allow":["GET"]}}],"collection":[{"href":"https:\/\/www.indexcaution.ch\/de\/wp-json\/wp\/v2\/pages"}],"about":[{"href":"https:\/\/www.indexcaution.ch\/de\/wp-json\/wp\/v2\/types\/page"}],"author":[{"embeddable":true,"href":"https:\/\/www.indexcaution.ch\/de\/wp-json\/wp\/v2\/users\/1"}],"replies":[{"embeddable":true,"href":"https:\/\/www.indexcaution.ch\/de\/wp-json\/wp\/v2\/comments?post=3214"}],"version-history":[{"count":5,"href":"https:\/\/www.indexcaution.ch\/de\/wp-json\/wp\/v2\/pages\/3214\/revisions"}],"predecessor-version":[{"id":5381,"href":"https:\/\/www.indexcaution.ch\/de\/wp-json\/wp\/v2\/pages\/3214\/revisions\/5381"}],"wp:attachment":[{"href":"https:\/\/www.indexcaution.ch\/de\/wp-json\/wp\/v2\/media?parent=3214"}],"curies":[{"name":"wp","href":"https:\/\/api.w.org\/{rel}","templated":true}]}}